{"id":818,"date":"2025-11-06T14:18:48","date_gmt":"2025-11-06T14:18:48","guid":{"rendered":"https:\/\/www.orzznt.com\/?page_id=818"},"modified":"2025-11-06T14:48:34","modified_gmt":"2025-11-06T14:48:34","slug":"blog","status":"publish","type":"page","link":"https:\/\/www.orzznt.com\/index.php\/blog\/","title":{"rendered":"Blog"},"content":{"rendered":"\t\t<div data-elementor-type=\"wp-page\" data-elementor-id=\"818\" class=\"elementor elementor-818\" data-elementor-post-type=\"page\">\n\t\t\t\t<div class=\"elementor-element elementor-element-85e0c8e e-flex e-con-boxed e-con e-parent\" data-id=\"85e0c8e\" data-element_type=\"container\" data-settings=\"{&quot;background_background&quot;:&quot;classic&quot;,&quot;_ha_eqh_enable&quot;:false}\">\n\t\t\t\t\t<div class=\"e-con-inner\">\n\t\t<div class=\"elementor-element elementor-element-51ce784a e-con-full e-flex e-con e-child\" data-id=\"51ce784a\" data-element_type=\"container\" data-settings=\"{&quot;_ha_eqh_enable&quot;:false}\">\n\t\t\t\t<div class=\"elementor-element elementor-element-8b1f454 elementor-widget elementor-widget-heading\" data-id=\"8b1f454\" data-element_type=\"widget\" data-widget_type=\"heading.default\">\n\t\t\t\t<div class=\"elementor-widget-container\">\n\t\t\t\t\t<h2 class=\"elementor-heading-title elementor-size-default\">Blog<\/h2>\t\t\t\t<\/div>\n\t\t\t\t<\/div>\n\t\t\t\t<div class=\"elementor-element elementor-element-6b61a868 elementor-widget elementor-widget-text-editor\" data-id=\"6b61a868\" data-element_type=\"widget\" data-widget_type=\"text-editor.default\">\n\t\t\t\t<div class=\"elementor-widget-container\">\n\t\t\t\t\t\t\t\t\t<p>T\u00fcm Yaz\u0131lar\u0131m\u0131z<\/p>\t\t\t\t\t\t\t\t<\/div>\n\t\t\t\t<\/div>\n\t\t\t\t<\/div>\n\t\t\t\t\t<\/div>\n\t\t\t\t<\/div>\n\t\t<div class=\"elementor-element elementor-element-5087214f e-flex e-con-boxed e-con e-parent\" data-id=\"5087214f\" data-element_type=\"container\" data-settings=\"{&quot;_ha_eqh_enable&quot;:false}\">\n\t\t\t\t\t<div class=\"e-con-inner\">\n\t\t<div class=\"elementor-element elementor-element-1ef6424c e-con-full e-flex e-con e-child\" data-id=\"1ef6424c\" data-element_type=\"container\" data-settings=\"{&quot;_ha_eqh_enable&quot;:false}\">\n\t\t\t\t<div class=\"elementor-element elementor-element-77b5793c elementor-widget elementor-widget-heading\" data-id=\"77b5793c\" data-element_type=\"widget\" data-widget_type=\"heading.default\">\n\t\t\t\t<div class=\"elementor-widget-container\">\n\t\t\t\t\t<h2 class=\"elementor-heading-title elementor-size-default\">Blog Yaz\u0131lar\u0131m\u0131z<\/h2>\t\t\t\t<\/div>\n\t\t\t\t<\/div>\n\t\t\t\t<div class=\"elementor-element elementor-element-3d7729ae elementor-widget elementor-widget-text-editor\" data-id=\"3d7729ae\" data-element_type=\"widget\" data-widget_type=\"text-editor.default\">\n\t\t\t\t<div class=\"elementor-widget-container\">\n\t\t\t\t\t\t\t\t\t<p>Dan\u0131\u015fmanl\u0131kta Uzman, Ba\u015far\u0131da Rehber!<\/p>\t\t\t\t\t\t\t\t<\/div>\n\t\t\t\t<\/div>\n\t\t\t\t<\/div>\n\t\t\t\t\t<\/div>\n\t\t\t\t<\/div>\n\t\t<div class=\"elementor-element elementor-element-6d694285 e-flex e-con-boxed e-con e-parent\" data-id=\"6d694285\" data-element_type=\"container\" data-settings=\"{&quot;_ha_eqh_enable&quot;:false}\">\n\t\t\t\t\t<div class=\"e-con-inner\">\n\t\t<div class=\"elementor-element elementor-element-68c18f62 e-con-full e-flex e-con e-child\" data-id=\"68c18f62\" data-element_type=\"container\" data-settings=\"{&quot;_ha_eqh_enable&quot;:false}\">\n\t\t<div class=\"elementor-element elementor-element-75e7e452 e-con-full e-flex e-con e-child\" data-id=\"75e7e452\" data-element_type=\"container\" data-settings=\"{&quot;_ha_eqh_enable&quot;:false}\">\n\t\t\t\t<div class=\"elementor-element elementor-element-9955cc7 elementor-grid-3 elementor-grid-tablet-2 elementor-grid-mobile-1 elementor-posts--thumbnail-top elementor-widget elementor-widget-posts\" data-id=\"9955cc7\" data-element_type=\"widget\" data-settings=\"{&quot;classic_columns&quot;:&quot;3&quot;,&quot;classic_columns_tablet&quot;:&quot;2&quot;,&quot;classic_columns_mobile&quot;:&quot;1&quot;,&quot;classic_row_gap&quot;:{&quot;unit&quot;:&quot;px&quot;,&quot;size&quot;:35,&quot;sizes&quot;:[]},&quot;classic_row_gap_tablet&quot;:{&quot;unit&quot;:&quot;px&quot;,&quot;size&quot;:&quot;&quot;,&quot;sizes&quot;:[]},&quot;classic_row_gap_mobile&quot;:{&quot;unit&quot;:&quot;px&quot;,&quot;size&quot;:&quot;&quot;,&quot;sizes&quot;:[]}}\" data-widget_type=\"posts.classic\">\n\t\t\t\t<div class=\"elementor-widget-container\">\n\t\t\t\t\t\t\t<div class=\"elementor-posts-container elementor-posts elementor-posts--skin-classic elementor-grid\" role=\"list\">\n\t\t\t\t<article class=\"elementor-post elementor-grid-item post-850 post type-post status-publish format-standard has-post-thumbnail hentry category-ic-kontrol-kurumsal-risk-yonetimi\" role=\"listitem\">\n\t\t\t\t<a class=\"elementor-post__thumbnail__link\" href=\"https:\/\/www.orzznt.com\/index.php\/2025\/11\/06\/bir-test-yazisi-2\/\" tabindex=\"-1\" >\n\t\t\t<div class=\"elementor-post__thumbnail\"><img decoding=\"async\" width=\"300\" height=\"150\" src=\"https:\/\/www.orzznt.com\/wp-content\/uploads\/2024\/11\/slider3-300x150.jpg\" class=\"attachment-medium size-medium wp-image-322\" alt=\"\" srcset=\"https:\/\/www.orzznt.com\/wp-content\/uploads\/2024\/11\/slider3-300x150.jpg 300w, https:\/\/www.orzznt.com\/wp-content\/uploads\/2024\/11\/slider3-1024x512.jpg 1024w, https:\/\/www.orzznt.com\/wp-content\/uploads\/2024\/11\/slider3-768x384.jpg 768w, https:\/\/www.orzznt.com\/wp-content\/uploads\/2024\/11\/slider3-1536x768.jpg 1536w, https:\/\/www.orzznt.com\/wp-content\/uploads\/2024\/11\/slider3.jpg 1600w\" sizes=\"(max-width: 300px) 100vw, 300px\" \/><\/div>\n\t\t<\/a>\n\t\t\t\t<div class=\"elementor-post__text\">\n\t\t\t\t<h3 class=\"elementor-post__title\">\n\t\t\t<a href=\"https:\/\/www.orzznt.com\/index.php\/2025\/11\/06\/bir-test-yazisi-2\/\" >\n\t\t\t\tBir test yaz\u0131s\u0131 2\t\t\t<\/a>\n\t\t<\/h3>\n\t\t\t\t<div class=\"elementor-post__meta-data\">\n\t\t\t\t\t<span class=\"elementor-post-date\">\n\t\t\tKas\u0131m 6, 2025\t\t<\/span>\n\t\t\t\t<span class=\"elementor-post-avatar\">\n\t\t\tYorum yap\u0131lmam\u0131\u015f\t\t<\/span>\n\t\t\t\t<\/div>\n\t\t\t\t<div class=\"elementor-post__excerpt\">\n\t\t\t<p>2024 y\u0131l\u0131nda Ankara\u2019da kurulan firmam\u0131z, dan\u0131\u015fmanl\u0131k sekt\u00f6r\u00fcnde uzman kadrosu ve m\u00fc\u015fteri odakl\u0131 hizmet anlay\u0131\u015f\u0131yla faaliyet g\u00f6stermektedir. \u0130\u015fletme ve finans alanlar\u0131nda ki deneyimimizle, ihracat te\u015fviklerinden Ar-Ge<\/p>\n\t\t<\/div>\n\t\t\n\t\t<a class=\"elementor-post__read-more\" href=\"https:\/\/www.orzznt.com\/index.php\/2025\/11\/06\/bir-test-yazisi-2\/\" aria-label=\"Read more about Bir test yaz\u0131s\u0131 2\" tabindex=\"-1\" >\n\t\t\tRead More \u00bb\t\t<\/a>\n\n\t\t\t\t<\/div>\n\t\t\t\t<\/article>\n\t\t\t\t<article class=\"elementor-post elementor-grid-item post-839 post type-post status-publish format-standard has-post-thumbnail hentry category-uncategorized\" role=\"listitem\">\n\t\t\t\t<a class=\"elementor-post__thumbnail__link\" href=\"https:\/\/www.orzznt.com\/index.php\/2025\/11\/06\/bir-test-yazisi\/\" tabindex=\"-1\" >\n\t\t\t<div class=\"elementor-post__thumbnail\"><img fetchpriority=\"high\" decoding=\"async\" width=\"300\" height=\"200\" src=\"https:\/\/www.orzznt.com\/wp-content\/uploads\/2024\/11\/Hibe-ve-Yatirim-Danismanligi-1-300x200.jpg\" class=\"attachment-medium size-medium wp-image-500\" alt=\"\" srcset=\"https:\/\/www.orzznt.com\/wp-content\/uploads\/2024\/11\/Hibe-ve-Yatirim-Danismanligi-1-300x200.jpg 300w, https:\/\/www.orzznt.com\/wp-content\/uploads\/2024\/11\/Hibe-ve-Yatirim-Danismanligi-1-1024x683.jpg 1024w, https:\/\/www.orzznt.com\/wp-content\/uploads\/2024\/11\/Hibe-ve-Yatirim-Danismanligi-1-768x512.jpg 768w, https:\/\/www.orzznt.com\/wp-content\/uploads\/2024\/11\/Hibe-ve-Yatirim-Danismanligi-1.jpg 1200w\" sizes=\"(max-width: 300px) 100vw, 300px\" \/><\/div>\n\t\t<\/a>\n\t\t\t\t<div class=\"elementor-post__text\">\n\t\t\t\t<h3 class=\"elementor-post__title\">\n\t\t\t<a href=\"https:\/\/www.orzznt.com\/index.php\/2025\/11\/06\/bir-test-yazisi\/\" >\n\t\t\t\tBir test yaz\u0131s\u0131\t\t\t<\/a>\n\t\t<\/h3>\n\t\t\t\t<div class=\"elementor-post__meta-data\">\n\t\t\t\t\t<span class=\"elementor-post-date\">\n\t\t\tKas\u0131m 6, 2025\t\t<\/span>\n\t\t\t\t<span class=\"elementor-post-avatar\">\n\t\t\tYorum yap\u0131lmam\u0131\u015f\t\t<\/span>\n\t\t\t\t<\/div>\n\t\t\t\t<div class=\"elementor-post__excerpt\">\n\t\t\t<p>2024 y\u0131l\u0131nda Ankara\u2019da kurulan firmam\u0131z, dan\u0131\u015fmanl\u0131k sekt\u00f6r\u00fcnde uzman kadrosu ve m\u00fc\u015fteri odakl\u0131 hizmet anlay\u0131\u015f\u0131yla faaliyet g\u00f6stermektedir. \u0130\u015fletme ve finans alanlar\u0131nda ki deneyimimizle, ihracat te\u015fviklerinden Ar-Ge<\/p>\n\t\t<\/div>\n\t\t\n\t\t<a class=\"elementor-post__read-more\" href=\"https:\/\/www.orzznt.com\/index.php\/2025\/11\/06\/bir-test-yazisi\/\" aria-label=\"Read more about Bir test yaz\u0131s\u0131\" tabindex=\"-1\" >\n\t\t\tRead More \u00bb\t\t<\/a>\n\n\t\t\t\t<\/div>\n\t\t\t\t<\/article>\n\t\t\t\t<article class=\"elementor-post elementor-grid-item post-1 post type-post status-publish format-standard hentry category-uncategorized\" role=\"listitem\">\n\t\t\t\t<div class=\"elementor-post__text\">\n\t\t\t\t<h3 class=\"elementor-post__title\">\n\t\t\t<a href=\"https:\/\/www.orzznt.com\/index.php\/2024\/11\/27\/hello-world\/\" >\n\t\t\t\tHello world!\t\t\t<\/a>\n\t\t<\/h3>\n\t\t\t\t<div class=\"elementor-post__meta-data\">\n\t\t\t\t\t<span class=\"elementor-post-date\">\n\t\t\tKas\u0131m 27, 2024\t\t<\/span>\n\t\t\t\t<span class=\"elementor-post-avatar\">\n\t\t\t1 Yorum\t\t<\/span>\n\t\t\t\t<\/div>\n\t\t\t\t<div class=\"elementor-post__excerpt\">\n\t\t\t<p>Welcome to WordPress. This is your first post. Edit or delete it, then start writing!<\/p>\n\t\t<\/div>\n\t\t\n\t\t<a class=\"elementor-post__read-more\" href=\"https:\/\/www.orzznt.com\/index.php\/2024\/11\/27\/hello-world\/\" aria-label=\"Read more about Hello world!\" tabindex=\"-1\" >\n\t\t\tRead More \u00bb\t\t<\/a>\n\n\t\t\t\t<\/div>\n\t\t\t\t<\/article>\n\t\t\t\t<\/div>\n\t\t\n\t\t\t\t\t\t<\/div>\n\t\t\t\t<\/div>\n\t\t\t\t<\/div>\n\t\t\t\t<\/div>\n\t\t\t\t\t<\/div>\n\t\t\t\t<\/div>\n\t\t\t\t<\/div>\n\t\t","protected":false},"excerpt":{"rendered":"<p>Blog T\u00fcm Yaz\u0131lar\u0131m\u0131z Blog Yaz\u0131lar\u0131m\u0131z Dan\u0131\u015fmanl\u0131kta Uzman, Ba\u015far\u0131da Rehber!<\/p>\n","protected":false},"author":1,"featured_media":0,"parent":0,"menu_order":0,"comment_status":"closed","ping_status":"closed","template":"elementor_header_footer","meta":{"footnotes":""},"class_list":["post-818","page","type-page","status-publish","hentry"],"_links":{"self":[{"href":"https:\/\/www.orzznt.com\/index.php\/wp-json\/wp\/v2\/pages\/818","targetHints":{"allow":["GET"]}}],"collection":[{"href":"https:\/\/www.orzznt.com\/index.php\/wp-json\/wp\/v2\/pages"}],"about":[{"href":"https:\/\/www.orzznt.com\/index.php\/wp-json\/wp\/v2\/types\/page"}],"author":[{"embeddable":true,"href":"https:\/\/www.orzznt.com\/index.php\/wp-json\/wp\/v2\/users\/1"}],"replies":[{"embeddable":true,"href":"https:\/\/www.orzznt.com\/index.php\/wp-json\/wp\/v2\/comments?post=818"}],"version-history":[{"count":13,"href":"https:\/\/www.orzznt.com\/index.php\/wp-json\/wp\/v2\/pages\/818\/revisions"}],"predecessor-version":[{"id":833,"href":"https:\/\/www.orzznt.com\/index.php\/wp-json\/wp\/v2\/pages\/818\/revisions\/833"}],"wp:attachment":[{"href":"https:\/\/www.orzznt.com\/index.php\/wp-json\/wp\/v2\/media?parent=818"}],"curies":[{"name":"wp","href":"https:\/\/api.w.org\/{rel}","templated":true}]}}