{"id":447,"date":"2024-11-29T11:44:53","date_gmt":"2024-11-29T11:44:53","guid":{"rendered":"http:\/\/www.orzznt.com\/?page_id=447"},"modified":"2024-12-02T12:41:54","modified_gmt":"2024-12-02T12:41:54","slug":"ar-ge-ve-tasarim-merkezi-danismanligi","status":"publish","type":"page","link":"https:\/\/www.orzznt.com\/index.php\/ar-ge-ve-tasarim-merkezi-danismanligi\/","title":{"rendered":"Ar-Ge ve Tasar\u0131m Merkezi Dan\u0131\u015fmanl\u0131\u011f\u0131"},"content":{"rendered":"\t\t<div data-elementor-type=\"wp-page\" data-elementor-id=\"447\" class=\"elementor elementor-447\" data-elementor-post-type=\"page\">\n\t\t\t\t<div class=\"elementor-element elementor-element-2794154 e-flex e-con-boxed e-con e-parent\" data-id=\"2794154\" data-element_type=\"container\" data-settings=\"{&quot;background_background&quot;:&quot;classic&quot;,&quot;_ha_eqh_enable&quot;:false}\">\n\t\t\t\t\t<div class=\"e-con-inner\">\n\t\t<div class=\"elementor-element elementor-element-73e49fe e-con-full e-flex e-con e-child\" data-id=\"73e49fe\" data-element_type=\"container\" data-settings=\"{&quot;_ha_eqh_enable&quot;:false}\">\n\t\t\t\t<div class=\"elementor-element elementor-element-40f7402 elementor-widget elementor-widget-heading\" data-id=\"40f7402\" data-element_type=\"widget\" data-widget_type=\"heading.default\">\n\t\t\t\t<div class=\"elementor-widget-container\">\n\t\t\t\t\t<h2 class=\"elementor-heading-title elementor-size-default\">Ar-Ge ve Tasar\u0131m Merkezi Dan\u0131\u015fmanl\u0131\u011f\u0131<\/h2>\t\t\t\t<\/div>\n\t\t\t\t<\/div>\n\t\t\t\t<div class=\"elementor-element elementor-element-520904c elementor-widget elementor-widget-text-editor\" data-id=\"520904c\" data-element_type=\"widget\" data-widget_type=\"text-editor.default\">\n\t\t\t\t<div class=\"elementor-widget-container\">\n\t\t\t\t\t\t\t\t\t<p>Anasayfa\/Hizmetlerimiz\/Ar-Ge ve Tasar\u0131m Merkezi Dan\u0131\u015fmanl\u0131\u011f\u0131<\/p>\t\t\t\t\t\t\t\t<\/div>\n\t\t\t\t<\/div>\n\t\t\t\t<\/div>\n\t\t\t\t\t<\/div>\n\t\t\t\t<\/div>\n\t\t<div class=\"elementor-element elementor-element-d25b350 e-flex e-con-boxed e-con e-parent\" data-id=\"d25b350\" data-element_type=\"container\" data-settings=\"{&quot;_ha_eqh_enable&quot;:false}\">\n\t\t\t\t\t<div class=\"e-con-inner\">\n\t\t<div class=\"elementor-element elementor-element-9450f2e e-con-full e-flex e-con e-child\" data-id=\"9450f2e\" data-element_type=\"container\" data-settings=\"{&quot;_ha_eqh_enable&quot;:false}\">\n\t\t<div class=\"elementor-element elementor-element-b3437fe e-con-full e-flex e-con e-child\" data-id=\"b3437fe\" data-element_type=\"container\" data-settings=\"{&quot;_ha_eqh_enable&quot;:false}\">\n\t\t\t\t<div class=\"elementor-element elementor-element-d0fcdde elementor-widget elementor-widget-elementskit-heading\" data-id=\"d0fcdde\" data-element_type=\"widget\" data-widget_type=\"elementskit-heading.default\">\n\t\t\t\t<div class=\"elementor-widget-container\">\n\t\t\t\t\t<div class=\"ekit-wid-con\" ><div class=\"ekit-heading elementskit-section-title-wraper text_left   ekit_heading_tablet-   ekit_heading_mobile-text_left\"><h2 class=\"ekit-heading--title elementskit-section-title \">Hizmetlerimiz<\/h2><\/div><\/div>\t\t\t\t<\/div>\n\t\t\t\t<\/div>\n\t\t\t\t<div class=\"elementor-element elementor-element-aeb32b9 elementor-align-left elementor-mobile-align-left elementor-icon-list--layout-traditional elementor-list-item-link-full_width elementor-widget elementor-widget-icon-list\" data-id=\"aeb32b9\" data-element_type=\"widget\" data-widget_type=\"icon-list.default\">\n\t\t\t\t<div class=\"elementor-widget-container\">\n\t\t\t\t\t\t\t<ul class=\"elementor-icon-list-items\">\n\t\t\t\t\t\t\t<li class=\"elementor-icon-list-item\">\n\t\t\t\t\t\t\t\t\t\t\t<a href=\"https:\/\/www.orzznt.com\/index.php\/ihracat-tesvikleri-danismanligi\/\">\n\n\t\t\t\t\t\t\t\t\t\t\t\t<span class=\"elementor-icon-list-icon\">\n\t\t\t\t\t\t\t<i aria-hidden=\"true\" class=\"icon icon-right-arrow1\"><\/i>\t\t\t\t\t\t<\/span>\n\t\t\t\t\t\t\t\t\t\t<span class=\"elementor-icon-list-text\">\u0130hracat Te\u015fvikleri Dan\u0131\u015fmanl\u0131\u011f\u0131<\/span>\n\t\t\t\t\t\t\t\t\t\t\t<\/a>\n\t\t\t\t\t\t\t\t\t<\/li>\n\t\t\t\t\t\t\t\t<li class=\"elementor-icon-list-item\">\n\t\t\t\t\t\t\t\t\t\t\t<a href=\"https:\/\/www.orzznt.com\/index.php\/yatirim-tesvikleri-danismanligi\/\">\n\n\t\t\t\t\t\t\t\t\t\t\t\t<span class=\"elementor-icon-list-icon\">\n\t\t\t\t\t\t\t<i aria-hidden=\"true\" class=\"icon icon-right-arrow1\"><\/i>\t\t\t\t\t\t<\/span>\n\t\t\t\t\t\t\t\t\t\t<span class=\"elementor-icon-list-text\">Yat\u0131r\u0131m Te\u015fvikleri Dan\u0131\u015fmanl\u0131\u011f\u0131<\/span>\n\t\t\t\t\t\t\t\t\t\t\t<\/a>\n\t\t\t\t\t\t\t\t\t<\/li>\n\t\t\t\t\t\t\t\t<li class=\"elementor-icon-list-item\">\n\t\t\t\t\t\t\t\t\t\t\t<a href=\"https:\/\/www.orzznt.com\/index.php\/proje-bazli-tesvikler-danismanligi\/\">\n\n\t\t\t\t\t\t\t\t\t\t\t\t<span class=\"elementor-icon-list-icon\">\n\t\t\t\t\t\t\t<i aria-hidden=\"true\" class=\"icon icon-right-arrow1\"><\/i>\t\t\t\t\t\t<\/span>\n\t\t\t\t\t\t\t\t\t\t<span class=\"elementor-icon-list-text\">Proje Bazl\u0131 Te\u015fvikler Dan\u0131\u015fmanl\u0131\u011f\u0131<\/span>\n\t\t\t\t\t\t\t\t\t\t\t<\/a>\n\t\t\t\t\t\t\t\t\t<\/li>\n\t\t\t\t\t\t\t\t<li class=\"elementor-icon-list-item\">\n\t\t\t\t\t\t\t\t\t\t\t<a href=\"https:\/\/www.orzznt.com\/index.php\/ar-ge-ve-tasarim-merkezi-danismanligi\/\">\n\n\t\t\t\t\t\t\t\t\t\t\t\t<span class=\"elementor-icon-list-icon\">\n\t\t\t\t\t\t\t<i aria-hidden=\"true\" class=\"icon icon-right-arrow1\"><\/i>\t\t\t\t\t\t<\/span>\n\t\t\t\t\t\t\t\t\t\t<span class=\"elementor-icon-list-text\">Ar-Ge ve Tasar\u0131m Merkezi Dan\u0131\u015fmanl\u0131\u011f\u0131<\/span>\n\t\t\t\t\t\t\t\t\t\t\t<\/a>\n\t\t\t\t\t\t\t\t\t<\/li>\n\t\t\t\t\t\t\t\t<li class=\"elementor-icon-list-item\">\n\t\t\t\t\t\t\t\t\t\t\t<a href=\"https:\/\/www.orzznt.com\/index.php\/teknopark-danismanligi\/\">\n\n\t\t\t\t\t\t\t\t\t\t\t\t<span class=\"elementor-icon-list-icon\">\n\t\t\t\t\t\t\t<i aria-hidden=\"true\" class=\"icon icon-right-arrow1\"><\/i>\t\t\t\t\t\t<\/span>\n\t\t\t\t\t\t\t\t\t\t<span class=\"elementor-icon-list-text\">Teknopark Dan\u0131\u015fmanl\u0131\u011f\u0131<\/span>\n\t\t\t\t\t\t\t\t\t\t\t<\/a>\n\t\t\t\t\t\t\t\t\t<\/li>\n\t\t\t\t\t\t\t\t<li class=\"elementor-icon-list-item\">\n\t\t\t\t\t\t\t\t\t\t\t<a href=\"https:\/\/www.orzznt.com\/index.php\/kurumsal-risk-yonetimi-danismanligi\/\">\n\n\t\t\t\t\t\t\t\t\t\t\t\t<span class=\"elementor-icon-list-icon\">\n\t\t\t\t\t\t\t<i aria-hidden=\"true\" class=\"icon icon-right-arrow1\"><\/i>\t\t\t\t\t\t<\/span>\n\t\t\t\t\t\t\t\t\t\t<span class=\"elementor-icon-list-text\">Kurumsal Risk Y\u00f6netimi Dan\u0131\u015fmanl\u0131\u011f\u0131<\/span>\n\t\t\t\t\t\t\t\t\t\t\t<\/a>\n\t\t\t\t\t\t\t\t\t<\/li>\n\t\t\t\t\t\t<\/ul>\n\t\t\t\t\t\t<\/div>\n\t\t\t\t<\/div>\n\t\t\t\t<\/div>\n\t\t<div class=\"elementor-element elementor-element-d6bc895 e-con-full e-flex e-con e-child\" data-id=\"d6bc895\" data-element_type=\"container\" data-settings=\"{&quot;_ha_eqh_enable&quot;:false}\">\n\t\t\t\t<div class=\"elementor-element elementor-element-8c4f49e elementor-widget elementor-widget-image\" data-id=\"8c4f49e\" data-element_type=\"widget\" data-widget_type=\"image.default\">\n\t\t\t\t<div class=\"elementor-widget-container\">\n\t\t\t\t\t\t\t\t\t\t\t\t\t\t\t<img fetchpriority=\"high\" decoding=\"async\" width=\"784\" height=\"460\" src=\"https:\/\/www.orzznt.com\/wp-content\/uploads\/2024\/11\/arge-img.png\" class=\"attachment-large size-large wp-image-484\" alt=\"\" srcset=\"https:\/\/www.orzznt.com\/wp-content\/uploads\/2024\/11\/arge-img.png 784w, https:\/\/www.orzznt.com\/wp-content\/uploads\/2024\/11\/arge-img-300x176.png 300w, https:\/\/www.orzznt.com\/wp-content\/uploads\/2024\/11\/arge-img-768x451.png 768w\" sizes=\"(max-width: 784px) 100vw, 784px\" \/>\t\t\t\t\t\t\t\t\t\t\t\t\t\t\t<\/div>\n\t\t\t\t<\/div>\n\t\t\t\t<\/div>\n\t\t\t\t<\/div>\n\t\t\t\t\t<\/div>\n\t\t\t\t<\/div>\n\t\t<div class=\"elementor-element elementor-element-52b7c5c e-flex e-con-boxed e-con e-parent\" data-id=\"52b7c5c\" data-element_type=\"container\" data-settings=\"{&quot;_ha_eqh_enable&quot;:false}\">\n\t\t\t\t\t<div class=\"e-con-inner\">\n\t\t<div class=\"elementor-element elementor-element-216d5aa e-con-full e-flex e-con e-child\" data-id=\"216d5aa\" data-element_type=\"container\" data-settings=\"{&quot;_ha_eqh_enable&quot;:false}\">\n\t\t<div class=\"elementor-element elementor-element-17b456c e-con-full e-flex e-con e-child\" data-id=\"17b456c\" data-element_type=\"container\" data-settings=\"{&quot;_ha_eqh_enable&quot;:false}\">\n\t\t<div class=\"elementor-element elementor-element-60e872a e-con-full e-flex e-con e-child\" data-id=\"60e872a\" data-element_type=\"container\" data-settings=\"{&quot;_ha_eqh_enable&quot;:false}\">\n\t\t<div class=\"elementor-element elementor-element-121eb0c e-con-full e-flex e-con e-child\" data-id=\"121eb0c\" data-element_type=\"container\" data-settings=\"{&quot;background_background&quot;:&quot;classic&quot;,&quot;_ha_eqh_enable&quot;:false}\">\n\t\t\t\t<div class=\"elementor-element elementor-element-8c9be1f elementor-align-left elementor-mobile-align-left elementor-icon-list--layout-traditional elementor-list-item-link-full_width elementor-widget elementor-widget-icon-list\" data-id=\"8c9be1f\" data-element_type=\"widget\" data-widget_type=\"icon-list.default\">\n\t\t\t\t<div class=\"elementor-widget-container\">\n\t\t\t\t\t\t\t<ul class=\"elementor-icon-list-items\">\n\t\t\t\t\t\t\t<li class=\"elementor-icon-list-item\">\n\t\t\t\t\t\t\t\t\t\t\t<a href=\"#\">\n\n\t\t\t\t\t\t\t\t\t\t\t\t<span class=\"elementor-icon-list-icon\">\n\t\t\t\t\t\t\t<svg aria-hidden=\"true\" class=\"e-font-icon-svg e-fas-file-pdf\" viewBox=\"0 0 384 512\" xmlns=\"http:\/\/www.w3.org\/2000\/svg\"><path d=\"M181.9 256.1c-5-16-4.9-46.9-2-46.9 8.4 0 7.6 36.9 2 46.9zm-1.7 47.2c-7.7 20.2-17.3 43.3-28.4 62.7 18.3-7 39-17.2 62.9-21.9-12.7-9.6-24.9-23.4-34.5-40.8zM86.1 428.1c0 .8 13.2-5.4 34.9-40.2-6.7 6.3-29.1 24.5-34.9 40.2zM248 160h136v328c0 13.3-10.7 24-24 24H24c-13.3 0-24-10.7-24-24V24C0 10.7 10.7 0 24 0h200v136c0 13.2 10.8 24 24 24zm-8 171.8c-20-12.2-33.3-29-42.7-53.8 4.5-18.5 11.6-46.6 6.2-64.2-4.7-29.4-42.4-26.5-47.8-6.8-5 18.3-.4 44.1 8.1 77-11.6 27.6-28.7 64.6-40.8 85.8-.1 0-.1.1-.2.1-27.1 13.9-73.6 44.5-54.5 68 5.6 6.9 16 10 21.5 10 17.9 0 35.7-18 61.1-61.8 25.8-8.5 54.1-19.1 79-23.2 21.7 11.8 47.1 19.5 64 19.5 29.2 0 31.2-32 19.7-43.4-13.9-13.6-54.3-9.7-73.6-7.2zM377 105L279 7c-4.5-4.5-10.6-7-17-7h-6v128h128v-6.1c0-6.3-2.5-12.4-7-16.9zm-74.1 255.3c4.1-2.7-2.5-11.9-42.8-9 37.1 15.8 42.8 9 42.8 9z\"><\/path><\/svg>\t\t\t\t\t\t<\/span>\n\t\t\t\t\t\t\t\t\t\t<span class=\"elementor-icon-list-text\">Uluslararas\u0131 Deneyim<\/span>\n\t\t\t\t\t\t\t\t\t\t\t<\/a>\n\t\t\t\t\t\t\t\t\t<\/li>\n\t\t\t\t\t\t\t\t<li class=\"elementor-icon-list-item\">\n\t\t\t\t\t\t\t\t\t\t\t<a href=\"#\">\n\n\t\t\t\t\t\t\t\t\t\t\t\t<span class=\"elementor-icon-list-icon\">\n\t\t\t\t\t\t\t<svg aria-hidden=\"true\" class=\"e-font-icon-svg e-fas-file-pdf\" viewBox=\"0 0 384 512\" xmlns=\"http:\/\/www.w3.org\/2000\/svg\"><path d=\"M181.9 256.1c-5-16-4.9-46.9-2-46.9 8.4 0 7.6 36.9 2 46.9zm-1.7 47.2c-7.7 20.2-17.3 43.3-28.4 62.7 18.3-7 39-17.2 62.9-21.9-12.7-9.6-24.9-23.4-34.5-40.8zM86.1 428.1c0 .8 13.2-5.4 34.9-40.2-6.7 6.3-29.1 24.5-34.9 40.2zM248 160h136v328c0 13.3-10.7 24-24 24H24c-13.3 0-24-10.7-24-24V24C0 10.7 10.7 0 24 0h200v136c0 13.2 10.8 24 24 24zm-8 171.8c-20-12.2-33.3-29-42.7-53.8 4.5-18.5 11.6-46.6 6.2-64.2-4.7-29.4-42.4-26.5-47.8-6.8-5 18.3-.4 44.1 8.1 77-11.6 27.6-28.7 64.6-40.8 85.8-.1 0-.1.1-.2.1-27.1 13.9-73.6 44.5-54.5 68 5.6 6.9 16 10 21.5 10 17.9 0 35.7-18 61.1-61.8 25.8-8.5 54.1-19.1 79-23.2 21.7 11.8 47.1 19.5 64 19.5 29.2 0 31.2-32 19.7-43.4-13.9-13.6-54.3-9.7-73.6-7.2zM377 105L279 7c-4.5-4.5-10.6-7-17-7h-6v128h128v-6.1c0-6.3-2.5-12.4-7-16.9zm-74.1 255.3c4.1-2.7-2.5-11.9-42.8-9 37.1 15.8 42.8 9 42.8 9z\"><\/path><\/svg>\t\t\t\t\t\t<\/span>\n\t\t\t\t\t\t\t\t\t\t<span class=\"elementor-icon-list-text\">Uzman Kadro<\/span>\n\t\t\t\t\t\t\t\t\t\t\t<\/a>\n\t\t\t\t\t\t\t\t\t<\/li>\n\t\t\t\t\t\t\t\t<li class=\"elementor-icon-list-item\">\n\t\t\t\t\t\t\t\t\t\t\t<a href=\"#\">\n\n\t\t\t\t\t\t\t\t\t\t\t\t<span class=\"elementor-icon-list-icon\">\n\t\t\t\t\t\t\t<svg aria-hidden=\"true\" class=\"e-font-icon-svg e-fas-file-pdf\" viewBox=\"0 0 384 512\" xmlns=\"http:\/\/www.w3.org\/2000\/svg\"><path d=\"M181.9 256.1c-5-16-4.9-46.9-2-46.9 8.4 0 7.6 36.9 2 46.9zm-1.7 47.2c-7.7 20.2-17.3 43.3-28.4 62.7 18.3-7 39-17.2 62.9-21.9-12.7-9.6-24.9-23.4-34.5-40.8zM86.1 428.1c0 .8 13.2-5.4 34.9-40.2-6.7 6.3-29.1 24.5-34.9 40.2zM248 160h136v328c0 13.3-10.7 24-24 24H24c-13.3 0-24-10.7-24-24V24C0 10.7 10.7 0 24 0h200v136c0 13.2 10.8 24 24 24zm-8 171.8c-20-12.2-33.3-29-42.7-53.8 4.5-18.5 11.6-46.6 6.2-64.2-4.7-29.4-42.4-26.5-47.8-6.8-5 18.3-.4 44.1 8.1 77-11.6 27.6-28.7 64.6-40.8 85.8-.1 0-.1.1-.2.1-27.1 13.9-73.6 44.5-54.5 68 5.6 6.9 16 10 21.5 10 17.9 0 35.7-18 61.1-61.8 25.8-8.5 54.1-19.1 79-23.2 21.7 11.8 47.1 19.5 64 19.5 29.2 0 31.2-32 19.7-43.4-13.9-13.6-54.3-9.7-73.6-7.2zM377 105L279 7c-4.5-4.5-10.6-7-17-7h-6v128h128v-6.1c0-6.3-2.5-12.4-7-16.9zm-74.1 255.3c4.1-2.7-2.5-11.9-42.8-9 37.1 15.8 42.8 9 42.8 9z\"><\/path><\/svg>\t\t\t\t\t\t<\/span>\n\t\t\t\t\t\t\t\t\t\t<span class=\"elementor-icon-list-text\">G\u00fcvenilir Hizmet<\/span>\n\t\t\t\t\t\t\t\t\t\t\t<\/a>\n\t\t\t\t\t\t\t\t\t<\/li>\n\t\t\t\t\t\t\t\t<li class=\"elementor-icon-list-item\">\n\t\t\t\t\t\t\t\t\t\t\t<a href=\"#\">\n\n\t\t\t\t\t\t\t\t\t\t\t\t<span class=\"elementor-icon-list-icon\">\n\t\t\t\t\t\t\t<svg aria-hidden=\"true\" class=\"e-font-icon-svg e-fas-file-pdf\" viewBox=\"0 0 384 512\" xmlns=\"http:\/\/www.w3.org\/2000\/svg\"><path d=\"M181.9 256.1c-5-16-4.9-46.9-2-46.9 8.4 0 7.6 36.9 2 46.9zm-1.7 47.2c-7.7 20.2-17.3 43.3-28.4 62.7 18.3-7 39-17.2 62.9-21.9-12.7-9.6-24.9-23.4-34.5-40.8zM86.1 428.1c0 .8 13.2-5.4 34.9-40.2-6.7 6.3-29.1 24.5-34.9 40.2zM248 160h136v328c0 13.3-10.7 24-24 24H24c-13.3 0-24-10.7-24-24V24C0 10.7 10.7 0 24 0h200v136c0 13.2 10.8 24 24 24zm-8 171.8c-20-12.2-33.3-29-42.7-53.8 4.5-18.5 11.6-46.6 6.2-64.2-4.7-29.4-42.4-26.5-47.8-6.8-5 18.3-.4 44.1 8.1 77-11.6 27.6-28.7 64.6-40.8 85.8-.1 0-.1.1-.2.1-27.1 13.9-73.6 44.5-54.5 68 5.6 6.9 16 10 21.5 10 17.9 0 35.7-18 61.1-61.8 25.8-8.5 54.1-19.1 79-23.2 21.7 11.8 47.1 19.5 64 19.5 29.2 0 31.2-32 19.7-43.4-13.9-13.6-54.3-9.7-73.6-7.2zM377 105L279 7c-4.5-4.5-10.6-7-17-7h-6v128h128v-6.1c0-6.3-2.5-12.4-7-16.9zm-74.1 255.3c4.1-2.7-2.5-11.9-42.8-9 37.1 15.8 42.8 9 42.8 9z\"><\/path><\/svg>\t\t\t\t\t\t<\/span>\n\t\t\t\t\t\t\t\t\t\t<span class=\"elementor-icon-list-text\">S\u00fcrd\u00fcr\u00fclebilir Yakla\u015f\u0131m<\/span>\n\t\t\t\t\t\t\t\t\t\t\t<\/a>\n\t\t\t\t\t\t\t\t\t<\/li>\n\t\t\t\t\t\t<\/ul>\n\t\t\t\t\t\t<\/div>\n\t\t\t\t<\/div>\n\t\t\t\t<\/div>\n\t\t<div class=\"elementor-element elementor-element-aa80c26 e-con-full e-flex e-con e-child\" data-id=\"aa80c26\" data-element_type=\"container\" data-settings=\"{&quot;background_background&quot;:&quot;classic&quot;,&quot;_ha_eqh_enable&quot;:false}\">\n\t\t<div class=\"elementor-element elementor-element-494e82d e-con-full e-flex e-con e-child\" data-id=\"494e82d\" data-element_type=\"container\" data-settings=\"{&quot;background_background&quot;:&quot;classic&quot;,&quot;_ha_eqh_enable&quot;:false}\">\n\t\t\t\t<div class=\"elementor-element elementor-element-3bf51fb elementor-widget elementor-widget-elementskit-heading\" data-id=\"3bf51fb\" data-element_type=\"widget\" data-widget_type=\"elementskit-heading.default\">\n\t\t\t\t<div class=\"elementor-widget-container\">\n\t\t\t\t\t<div class=\"ekit-wid-con\" ><div class=\"ekit-heading elementskit-section-title-wraper text_center   ekit_heading_tablet-   ekit_heading_mobile-\"><h2 class=\"ekit-heading--title elementskit-section-title \">\u0130leti\u015fime Ge\u00e7in!<\/h2><\/div><\/div>\t\t\t\t<\/div>\n\t\t\t\t<\/div>\n\t\t\t\t<div class=\"elementor-element elementor-element-6666542 elementor-widget elementor-widget-text-editor\" data-id=\"6666542\" data-element_type=\"widget\" data-widget_type=\"text-editor.default\">\n\t\t\t\t<div class=\"elementor-widget-container\">\n\t\t\t\t\t\t\t\t\t<p>Her sorunuz i\u00e7in bir telefon uza\u011f\u0131n\u0131zday\u0131z! Bize ula\u015f\u0131n, \u00e7\u00f6z\u00fcm odakl\u0131 destek sunal\u0131m.<\/p>\t\t\t\t\t\t\t\t<\/div>\n\t\t\t\t<\/div>\n\t\t\t\t<div class=\"elementor-element elementor-element-f4c0235 elementor-align-left elementor-icon-list--layout-traditional elementor-list-item-link-full_width elementor-widget elementor-widget-icon-list\" data-id=\"f4c0235\" data-element_type=\"widget\" data-widget_type=\"icon-list.default\">\n\t\t\t\t<div class=\"elementor-widget-container\">\n\t\t\t\t\t\t\t<ul class=\"elementor-icon-list-items\">\n\t\t\t\t\t\t\t<li class=\"elementor-icon-list-item\">\n\t\t\t\t\t\t\t\t\t\t\t<a href=\"#\">\n\n\t\t\t\t\t\t\t\t\t\t\t\t<span class=\"elementor-icon-list-icon\">\n\t\t\t\t\t\t\t<svg aria-hidden=\"true\" class=\"e-font-icon-svg e-fas-phone-square-alt\" viewBox=\"0 0 448 512\" xmlns=\"http:\/\/www.w3.org\/2000\/svg\"><path d=\"M400 32H48A48 48 0 0 0 0 80v352a48 48 0 0 0 48 48h352a48 48 0 0 0 48-48V80a48 48 0 0 0-48-48zm-16.39 307.37l-15 65A15 15 0 0 1 354 416C194 416 64 286.29 64 126a15.7 15.7 0 0 1 11.63-14.61l65-15A18.23 18.23 0 0 1 144 96a16.27 16.27 0 0 1 13.79 9.09l30 70A17.9 17.9 0 0 1 189 181a17 17 0 0 1-5.5 11.61l-37.89 31a231.91 231.91 0 0 0 110.78 110.78l31-37.89A17 17 0 0 1 299 291a17.85 17.85 0 0 1 5.91 1.21l70 30A16.25 16.25 0 0 1 384 336a17.41 17.41 0 0 1-.39 3.37z\"><\/path><\/svg>\t\t\t\t\t\t<\/span>\n\t\t\t\t\t\t\t\t\t\t<span class=\"elementor-icon-list-text\">0312 911 9703<\/span>\n\t\t\t\t\t\t\t\t\t\t\t<\/a>\n\t\t\t\t\t\t\t\t\t<\/li>\n\t\t\t\t\t\t\t\t<li class=\"elementor-icon-list-item\">\n\t\t\t\t\t\t\t\t\t\t\t<a href=\"#\">\n\n\t\t\t\t\t\t\t\t\t\t\t\t<span class=\"elementor-icon-list-icon\">\n\t\t\t\t\t\t\t<svg aria-hidden=\"true\" class=\"e-font-icon-svg e-fas-envelope-square\" viewBox=\"0 0 448 512\" xmlns=\"http:\/\/www.w3.org\/2000\/svg\"><path d=\"M400 32H48C21.49 32 0 53.49 0 80v352c0 26.51 21.49 48 48 48h352c26.51 0 48-21.49 48-48V80c0-26.51-21.49-48-48-48zM178.117 262.104C87.429 196.287 88.353 196.121 64 177.167V152c0-13.255 10.745-24 24-24h272c13.255 0 24 10.745 24 24v25.167c-24.371 18.969-23.434 19.124-114.117 84.938-10.5 7.655-31.392 26.12-45.883 25.894-14.503.218-35.367-18.227-45.883-25.895zM384 217.775V360c0 13.255-10.745 24-24 24H88c-13.255 0-24-10.745-24-24V217.775c13.958 10.794 33.329 25.236 95.303 70.214 14.162 10.341 37.975 32.145 64.694 32.01 26.887.134 51.037-22.041 64.72-32.025 61.958-44.965 81.325-59.406 95.283-70.199z\"><\/path><\/svg>\t\t\t\t\t\t<\/span>\n\t\t\t\t\t\t\t\t\t\t<span class=\"elementor-icon-list-text\">banu.kilic@orzznt.com<\/span>\n\t\t\t\t\t\t\t\t\t\t\t<\/a>\n\t\t\t\t\t\t\t\t\t<\/li>\n\t\t\t\t\t\t<\/ul>\n\t\t\t\t\t\t<\/div>\n\t\t\t\t<\/div>\n\t\t\t\t<\/div>\n\t\t\t\t<\/div>\n\t\t\t\t<\/div>\n\t\t\t\t<\/div>\n\t\t<div class=\"elementor-element elementor-element-380dc9b e-con-full e-flex e-con e-child\" data-id=\"380dc9b\" data-element_type=\"container\" data-settings=\"{&quot;_ha_eqh_enable&quot;:false}\">\n\t\t\t\t<div class=\"elementor-element elementor-element-05bc3dc elementor-widget elementor-widget-text-editor\" data-id=\"05bc3dc\" data-element_type=\"widget\" data-widget_type=\"text-editor.default\">\n\t\t\t\t<div class=\"elementor-widget-container\">\n\t\t\t\t\t\t\t\t\t<h3><strong>Ar-Ge ve Tasar\u0131m Merkezi Dan\u0131\u015fmanl\u0131\u011f\u0131 Hizmeti<\/strong><\/h3><p>G\u00fcn\u00fcm\u00fcz i\u015f d\u00fcnyas\u0131nda, yenilik\u00e7ilik ve\u00a0 s\u00fcrd\u00fcr\u00fclebilirlik, rekabet avantaj\u0131 sa\u011flaman\u0131n en \u00f6nemli anahtarlar\u0131d\u0131r. Ara\u015ft\u0131rma, geli\u015ftirme ve tasar\u0131m alanlar\u0131nda g\u00fc\u00e7l\u00fc bir altyap\u0131ya sahip olan i\u015fletmeler, yaln\u0131zca bug\u00fcn\u00fcn ihtiya\u00e7lar\u0131n\u0131 kar\u015f\u0131lamakla kalmaz, ayn\u0131 zamanda gelece\u011fin trendlerini de \u015fekillendirme f\u0131rsat\u0131na sahip olur. Orizzonte olarak, Ar-Ge ve Tasar\u0131m Merkezi Dan\u0131\u015fmanl\u0131\u011f\u0131 hizmetimizle i\u015fletmenizin inovasyon potansiyelini en \u00fcst d\u00fczeye \u00e7\u0131karman\u0131z i\u00e7in yan\u0131n\u0131zday\u0131z. Bu hizmetimiz, Ar-Ge ve tasar\u0131m s\u00fcre\u00e7lerinizi g\u00fc\u00e7lendirmek, merkezlerinizi yap\u0131land\u0131rmak ve devlet te\u015fviklerinden maksimum fayda sa\u011flaman\u0131z\u0131 hedefler.<\/p><p>Hizmetimizin kapsam\u0131ndaki alanlar:<\/p><p><strong>1. Ar-Ge ve Tasar\u0131m Projelendirme<\/strong><br \/>\u0130novasyon odakl\u0131 projelerinizi ba\u015ftan sona profesyonel bir yakla\u015f\u0131mla planl\u0131yor ve y\u00fcr\u00fct\u00fcyoruz. Teknolojik ve yarat\u0131c\u0131 \u00e7\u00f6z\u00fcmlerinizi do\u011fru bir \u015fekilde projelendirmenize yard\u0131mc\u0131 oluyor, Ar-Ge ve tasar\u0131m te\u015fviklerinden yararlanman\u0131z i\u00e7in gereken s\u00fcre\u00e7leri y\u00f6netiyoruz. Mevzuata uygun proje dosyalar\u0131 haz\u0131rl\u0131yor, yenilik\u00e7i fikirlerinizi ger\u00e7ek d\u00fcnyaya kazand\u0131rman\u0131z i\u00e7in destek sa\u011fl\u0131yoruz.<\/p><p><strong>2. Ar-Ge ve Tasar\u0131m Merkezi S\u00fcrd\u00fcr\u00fclebilirlik Hizmetleri<\/strong><br \/>Ar-Ge ve tasar\u0131m merkezleri, yaln\u0131zca kurulu\u015f a\u015famas\u0131nda de\u011fil, uzun vadede de etkin y\u00f6netim gerektirir. Orizzonte olarak, Ar-Ge ve tasar\u0131m merkezlerinizin s\u00fcreklili\u011fini sa\u011flamak i\u00e7in \u00f6zel \u00e7\u00f6z\u00fcmler sunuyoruz. Mevzuata uygunlu\u011fun s\u00fcrd\u00fcr\u00fclebilirli\u011fi, vergi avantajlar\u0131ndan yararlanma s\u00fcre\u00e7leri ve performans de\u011ferlendirme hizmetleri ile merkezinizin uzun vadeli ba\u015far\u0131s\u0131n\u0131 garanti alt\u0131na al\u0131yoruz. Hedefimiz, merkezinizin verimlili\u011fini art\u0131r\u0131rken, sekt\u00f6rde kal\u0131c\u0131 bir inovasyon k\u00fclt\u00fcr\u00fc olu\u015fturman\u0131zd\u0131r.<\/p><p><strong>3. Teknoloji Merkezi (TEKMER) Dan\u0131\u015fmanl\u0131\u011f\u0131<\/strong><br \/>Teknoloji geli\u015ftirme alan\u0131nda faaliyet g\u00f6steren i\u015fletmeler i\u00e7in sa\u011flanan TEKMER destekleri, y\u00fcksek teknolojili \u00fcr\u00fcn ve hizmetlerinizin piyasada yer edinmesine b\u00fcy\u00fck olanak tan\u0131r. TEKMER ba\u015fvurular\u0131n\u0131z\u0131 eksiksiz bir \u015fekilde haz\u0131rl\u0131yor, desteklerden faydalanman\u0131z\u0131 sa\u011fl\u0131yor ve projelerinizin ba\u015far\u0131yla hayata ge\u00e7mesine rehberlik ediyoruz. Ayn\u0131 zamanda, TEKMER kapsam\u0131nda projelerinizin teknik ve mali s\u00fcrd\u00fcr\u00fclebilirli\u011fini sa\u011flayacak stratejik \u00e7\u00f6z\u00fcmler sunuyoruz.<\/p><p><strong>Neden Orizzonte?<\/strong><br \/>Ar-Ge ve tasar\u0131m faaliyetleri, yaln\u0131zca i\u015fletmelerin b\u00fcy\u00fcmesine de\u011fil, ayn\u0131 zamanda \u00fclke ekonomisinin de geli\u015fimine katk\u0131da bulunur. Orizzonte olarak, uzman ekibimizle i\u015fletmenizin yenilik\u00e7ilik yolculu\u011funda g\u00fc\u00e7l\u00fc bir i\u015f orta\u011f\u0131 olmay\u0131 hedefliyoruz. \u0130ster bir Ar-Ge merkezi kurmay\u0131 planl\u0131yor olun, ister mevcut merkezlerinizi geli\u015ftirmek isteyin, t\u00fcm s\u00fcre\u00e7lerde yan\u0131n\u0131zday\u0131z.<\/p><p>Yarat\u0131c\u0131 fikirlerinizi g\u00fc\u00e7l\u00fc projelere d\u00f6n\u00fc\u015ft\u00fcrmek ve Ar-Ge \u00e7al\u0131\u015fmalar\u0131n\u0131zda s\u00fcrd\u00fcr\u00fclebilir ba\u015far\u0131 elde etmek i\u00e7in bizimle \u00e7al\u0131\u015fabilirsiniz. Birlikte, i\u015f d\u00fcnyas\u0131nda fark yaratacak \u00e7\u00f6z\u00fcmleri hayata ge\u00e7irebilir ve global rekabette \u00f6ne ge\u00e7ebilirsiniz. Orizzonte ile gelece\u011fi bug\u00fcnden in\u015fa edin!<\/p>\t\t\t\t\t\t\t\t<\/div>\n\t\t\t\t<\/div>\n\t\t\t\t<\/div>\n\t\t\t\t<\/div>\n\t\t\t\t\t<\/div>\n\t\t\t\t<\/div>\n\t\t\t\t<\/div>\n\t\t","protected":false},"excerpt":{"rendered":"<p>Ar-Ge ve Tasar\u0131m Merkezi Dan\u0131\u015fmanl\u0131\u011f\u0131 Anasayfa\/Hizmetlerimiz\/Ar-Ge ve Tasar\u0131m Merkezi Dan\u0131\u015fmanl\u0131\u011f\u0131 Hizmetlerimiz \u0130hracat Te\u015fvikleri Dan\u0131\u015fmanl\u0131\u011f\u0131 Yat\u0131r\u0131m Te\u015fvikleri Dan\u0131\u015fmanl\u0131\u011f\u0131 Proje Bazl\u0131 Te\u015fvikler Dan\u0131\u015fmanl\u0131\u011f\u0131 Ar-Ge ve Tasar\u0131m Merkezi Dan\u0131\u015fmanl\u0131\u011f\u0131 Teknopark Dan\u0131\u015fmanl\u0131\u011f\u0131 Kurumsal Risk Y\u00f6netimi Dan\u0131\u015fmanl\u0131\u011f\u0131 Uluslararas\u0131 Deneyim Uzman Kadro G\u00fcvenilir Hizmet S\u00fcrd\u00fcr\u00fclebilir Yakla\u015f\u0131m \u0130leti\u015fime Ge\u00e7in! Her sorunuz i\u00e7in bir telefon uza\u011f\u0131n\u0131zday\u0131z! Bize ula\u015f\u0131n, \u00e7\u00f6z\u00fcm odakl\u0131 destek sunal\u0131m. 0312 [&hellip;]<\/p>\n","protected":false},"author":1,"featured_media":0,"parent":0,"menu_order":0,"comment_status":"closed","ping_status":"closed","template":"","meta":{"footnotes":""},"class_list":["post-447","page","type-page","status-publish","hentry"],"_links":{"self":[{"href":"https:\/\/www.orzznt.com\/index.php\/wp-json\/wp\/v2\/pages\/447","targetHints":{"allow":["GET"]}}],"collection":[{"href":"https:\/\/www.orzznt.com\/index.php\/wp-json\/wp\/v2\/pages"}],"about":[{"href":"https:\/\/www.orzznt.com\/index.php\/wp-json\/wp\/v2\/types\/page"}],"author":[{"embeddable":true,"href":"https:\/\/www.orzznt.com\/index.php\/wp-json\/wp\/v2\/users\/1"}],"replies":[{"embeddable":true,"href":"https:\/\/www.orzznt.com\/index.php\/wp-json\/wp\/v2\/comments?post=447"}],"version-history":[{"count":37,"href":"https:\/\/www.orzznt.com\/index.php\/wp-json\/wp\/v2\/pages\/447\/revisions"}],"predecessor-version":[{"id":706,"href":"https:\/\/www.orzznt.com\/index.php\/wp-json\/wp\/v2\/pages\/447\/revisions\/706"}],"wp:attachment":[{"href":"https:\/\/www.orzznt.com\/index.php\/wp-json\/wp\/v2\/media?parent=447"}],"curies":[{"name":"wp","href":"https:\/\/api.w.org\/{rel}","templated":true}]}}