{"id":436,"date":"2024-11-29T09:28:21","date_gmt":"2024-11-29T09:28:21","guid":{"rendered":"http:\/\/www.orzznt.com\/?page_id=436"},"modified":"2024-12-02T12:44:22","modified_gmt":"2024-12-02T12:44:22","slug":"proje-bazli-tesvikler-danismanligi","status":"publish","type":"page","link":"https:\/\/www.orzznt.com\/index.php\/proje-bazli-tesvikler-danismanligi\/","title":{"rendered":"Proje Bazl\u0131 Te\u015fvikler Dan\u0131\u015fmanl\u0131\u011f\u0131"},"content":{"rendered":"\t\t<div data-elementor-type=\"wp-page\" data-elementor-id=\"436\" class=\"elementor elementor-436\" data-elementor-post-type=\"page\">\n\t\t\t\t<div class=\"elementor-element elementor-element-d48926c e-flex e-con-boxed e-con e-parent\" data-id=\"d48926c\" data-element_type=\"container\" data-settings=\"{&quot;background_background&quot;:&quot;classic&quot;,&quot;_ha_eqh_enable&quot;:false}\">\n\t\t\t\t\t<div class=\"e-con-inner\">\n\t\t<div class=\"elementor-element elementor-element-c96c325 e-con-full e-flex e-con e-child\" data-id=\"c96c325\" data-element_type=\"container\" data-settings=\"{&quot;_ha_eqh_enable&quot;:false}\">\n\t\t\t\t<div class=\"elementor-element elementor-element-27c0267 elementor-widget elementor-widget-heading\" data-id=\"27c0267\" data-element_type=\"widget\" data-widget_type=\"heading.default\">\n\t\t\t\t<div class=\"elementor-widget-container\">\n\t\t\t\t\t<h2 class=\"elementor-heading-title elementor-size-default\">Proje Bazl\u0131 Te\u015fvikler Dan\u0131\u015fmanl\u0131\u011f\u0131\n<\/h2>\t\t\t\t<\/div>\n\t\t\t\t<\/div>\n\t\t\t\t<div class=\"elementor-element elementor-element-1a0085e elementor-widget elementor-widget-text-editor\" data-id=\"1a0085e\" data-element_type=\"widget\" data-widget_type=\"text-editor.default\">\n\t\t\t\t<div class=\"elementor-widget-container\">\n\t\t\t\t\t\t\t\t\t<p>Anasayfa\/Hizmetlerimiz\/Proje Bazl\u0131 Te\u015fvikler Dan\u0131\u015fmanl\u0131\u011f\u0131<\/p>\t\t\t\t\t\t\t\t<\/div>\n\t\t\t\t<\/div>\n\t\t\t\t<\/div>\n\t\t\t\t\t<\/div>\n\t\t\t\t<\/div>\n\t\t<div class=\"elementor-element elementor-element-c64af44 e-flex e-con-boxed e-con e-parent\" data-id=\"c64af44\" data-element_type=\"container\" data-settings=\"{&quot;_ha_eqh_enable&quot;:false}\">\n\t\t\t\t\t<div class=\"e-con-inner\">\n\t\t<div class=\"elementor-element elementor-element-9be2d54 e-con-full e-flex e-con e-child\" data-id=\"9be2d54\" data-element_type=\"container\" data-settings=\"{&quot;_ha_eqh_enable&quot;:false}\">\n\t\t<div class=\"elementor-element elementor-element-94a4979 e-con-full e-flex e-con e-child\" data-id=\"94a4979\" data-element_type=\"container\" data-settings=\"{&quot;_ha_eqh_enable&quot;:false}\">\n\t\t\t\t<div class=\"elementor-element elementor-element-ce5e8f8 elementor-widget elementor-widget-elementskit-heading\" data-id=\"ce5e8f8\" data-element_type=\"widget\" data-widget_type=\"elementskit-heading.default\">\n\t\t\t\t<div class=\"elementor-widget-container\">\n\t\t\t\t\t<div class=\"ekit-wid-con\" ><div class=\"ekit-heading elementskit-section-title-wraper text_left   ekit_heading_tablet-   ekit_heading_mobile-text_left\"><h2 class=\"ekit-heading--title elementskit-section-title \">Hizmetlerimiz<\/h2><\/div><\/div>\t\t\t\t<\/div>\n\t\t\t\t<\/div>\n\t\t\t\t<div class=\"elementor-element elementor-element-801e21b elementor-align-left elementor-mobile-align-left elementor-icon-list--layout-traditional elementor-list-item-link-full_width elementor-widget elementor-widget-icon-list\" data-id=\"801e21b\" data-element_type=\"widget\" data-widget_type=\"icon-list.default\">\n\t\t\t\t<div class=\"elementor-widget-container\">\n\t\t\t\t\t\t\t<ul class=\"elementor-icon-list-items\">\n\t\t\t\t\t\t\t<li class=\"elementor-icon-list-item\">\n\t\t\t\t\t\t\t\t\t\t\t<a href=\"https:\/\/www.orzznt.com\/index.php\/ihracat-tesvikleri-danismanligi\/\">\n\n\t\t\t\t\t\t\t\t\t\t\t\t<span class=\"elementor-icon-list-icon\">\n\t\t\t\t\t\t\t<i aria-hidden=\"true\" class=\"icon icon-right-arrow1\"><\/i>\t\t\t\t\t\t<\/span>\n\t\t\t\t\t\t\t\t\t\t<span class=\"elementor-icon-list-text\">\u0130hracat Te\u015fvikleri Dan\u0131\u015fmanl\u0131\u011f\u0131<\/span>\n\t\t\t\t\t\t\t\t\t\t\t<\/a>\n\t\t\t\t\t\t\t\t\t<\/li>\n\t\t\t\t\t\t\t\t<li class=\"elementor-icon-list-item\">\n\t\t\t\t\t\t\t\t\t\t\t<a href=\"https:\/\/www.orzznt.com\/index.php\/yatirim-tesvikleri-danismanligi\/\">\n\n\t\t\t\t\t\t\t\t\t\t\t\t<span class=\"elementor-icon-list-icon\">\n\t\t\t\t\t\t\t<i aria-hidden=\"true\" class=\"icon icon-right-arrow1\"><\/i>\t\t\t\t\t\t<\/span>\n\t\t\t\t\t\t\t\t\t\t<span class=\"elementor-icon-list-text\">Yat\u0131r\u0131m Te\u015fvikleri Dan\u0131\u015fmanl\u0131\u011f\u0131<\/span>\n\t\t\t\t\t\t\t\t\t\t\t<\/a>\n\t\t\t\t\t\t\t\t\t<\/li>\n\t\t\t\t\t\t\t\t<li class=\"elementor-icon-list-item\">\n\t\t\t\t\t\t\t\t\t\t\t<a href=\"https:\/\/www.orzznt.com\/index.php\/proje-bazli-tesvikler-danismanligi\/\">\n\n\t\t\t\t\t\t\t\t\t\t\t\t<span class=\"elementor-icon-list-icon\">\n\t\t\t\t\t\t\t<i aria-hidden=\"true\" class=\"icon icon-right-arrow1\"><\/i>\t\t\t\t\t\t<\/span>\n\t\t\t\t\t\t\t\t\t\t<span class=\"elementor-icon-list-text\">Proje Bazl\u0131 Te\u015fvikler Dan\u0131\u015fmanl\u0131\u011f\u0131<\/span>\n\t\t\t\t\t\t\t\t\t\t\t<\/a>\n\t\t\t\t\t\t\t\t\t<\/li>\n\t\t\t\t\t\t\t\t<li class=\"elementor-icon-list-item\">\n\t\t\t\t\t\t\t\t\t\t\t<a href=\"https:\/\/www.orzznt.com\/index.php\/ar-ge-ve-tasarim-merkezi-danismanligi\/\">\n\n\t\t\t\t\t\t\t\t\t\t\t\t<span class=\"elementor-icon-list-icon\">\n\t\t\t\t\t\t\t<i aria-hidden=\"true\" class=\"icon icon-right-arrow1\"><\/i>\t\t\t\t\t\t<\/span>\n\t\t\t\t\t\t\t\t\t\t<span class=\"elementor-icon-list-text\">Ar-Ge ve Tasar\u0131m Merkezi Dan\u0131\u015fmanl\u0131\u011f\u0131<\/span>\n\t\t\t\t\t\t\t\t\t\t\t<\/a>\n\t\t\t\t\t\t\t\t\t<\/li>\n\t\t\t\t\t\t\t\t<li class=\"elementor-icon-list-item\">\n\t\t\t\t\t\t\t\t\t\t\t<a href=\"https:\/\/www.orzznt.com\/index.php\/teknopark-danismanligi\/\">\n\n\t\t\t\t\t\t\t\t\t\t\t\t<span class=\"elementor-icon-list-icon\">\n\t\t\t\t\t\t\t<i aria-hidden=\"true\" class=\"icon icon-right-arrow1\"><\/i>\t\t\t\t\t\t<\/span>\n\t\t\t\t\t\t\t\t\t\t<span class=\"elementor-icon-list-text\">Teknopark Dan\u0131\u015fmanl\u0131\u011f\u0131<\/span>\n\t\t\t\t\t\t\t\t\t\t\t<\/a>\n\t\t\t\t\t\t\t\t\t<\/li>\n\t\t\t\t\t\t\t\t<li class=\"elementor-icon-list-item\">\n\t\t\t\t\t\t\t\t\t\t\t<a href=\"https:\/\/www.orzznt.com\/index.php\/kurumsal-risk-yonetimi-danismanligi\/\">\n\n\t\t\t\t\t\t\t\t\t\t\t\t<span class=\"elementor-icon-list-icon\">\n\t\t\t\t\t\t\t<i aria-hidden=\"true\" class=\"icon icon-right-arrow1\"><\/i>\t\t\t\t\t\t<\/span>\n\t\t\t\t\t\t\t\t\t\t<span class=\"elementor-icon-list-text\">Kurumsal Risk Y\u00f6netimi Dan\u0131\u015fmanl\u0131\u011f\u0131<\/span>\n\t\t\t\t\t\t\t\t\t\t\t<\/a>\n\t\t\t\t\t\t\t\t\t<\/li>\n\t\t\t\t\t\t<\/ul>\n\t\t\t\t\t\t<\/div>\n\t\t\t\t<\/div>\n\t\t\t\t<\/div>\n\t\t<div class=\"elementor-element elementor-element-24939ed e-con-full e-flex e-con e-child\" data-id=\"24939ed\" data-element_type=\"container\" data-settings=\"{&quot;_ha_eqh_enable&quot;:false}\">\n\t\t\t\t<div class=\"elementor-element elementor-element-ad3fd61 elementor-widget elementor-widget-image\" data-id=\"ad3fd61\" data-element_type=\"widget\" data-widget_type=\"image.default\">\n\t\t\t\t<div class=\"elementor-widget-container\">\n\t\t\t\t\t\t\t\t\t\t\t\t\t\t\t<img fetchpriority=\"high\" decoding=\"async\" width=\"800\" height=\"534\" src=\"https:\/\/www.orzznt.com\/wp-content\/uploads\/2024\/11\/Hibe-ve-Yatirim-Danismanligi-1-1024x683.jpg\" class=\"attachment-large size-large wp-image-500\" alt=\"\" srcset=\"https:\/\/www.orzznt.com\/wp-content\/uploads\/2024\/11\/Hibe-ve-Yatirim-Danismanligi-1-1024x683.jpg 1024w, https:\/\/www.orzznt.com\/wp-content\/uploads\/2024\/11\/Hibe-ve-Yatirim-Danismanligi-1-300x200.jpg 300w, https:\/\/www.orzznt.com\/wp-content\/uploads\/2024\/11\/Hibe-ve-Yatirim-Danismanligi-1-768x512.jpg 768w, https:\/\/www.orzznt.com\/wp-content\/uploads\/2024\/11\/Hibe-ve-Yatirim-Danismanligi-1.jpg 1200w\" sizes=\"(max-width: 800px) 100vw, 800px\" \/>\t\t\t\t\t\t\t\t\t\t\t\t\t\t\t<\/div>\n\t\t\t\t<\/div>\n\t\t\t\t<\/div>\n\t\t\t\t<\/div>\n\t\t\t\t\t<\/div>\n\t\t\t\t<\/div>\n\t\t<div class=\"elementor-element elementor-element-27e6f0d e-flex e-con-boxed e-con e-parent\" data-id=\"27e6f0d\" data-element_type=\"container\" data-settings=\"{&quot;_ha_eqh_enable&quot;:false}\">\n\t\t\t\t\t<div class=\"e-con-inner\">\n\t\t<div class=\"elementor-element elementor-element-1ffc594 e-con-full e-flex e-con e-child\" data-id=\"1ffc594\" data-element_type=\"container\" data-settings=\"{&quot;_ha_eqh_enable&quot;:false}\">\n\t\t<div class=\"elementor-element elementor-element-64a302b e-con-full e-flex e-con e-child\" data-id=\"64a302b\" data-element_type=\"container\" data-settings=\"{&quot;_ha_eqh_enable&quot;:false}\">\n\t\t<div class=\"elementor-element elementor-element-157604d e-con-full e-flex e-con e-child\" data-id=\"157604d\" data-element_type=\"container\" data-settings=\"{&quot;_ha_eqh_enable&quot;:false}\">\n\t\t<div class=\"elementor-element elementor-element-f82bc91 e-con-full e-flex e-con e-child\" data-id=\"f82bc91\" data-element_type=\"container\" data-settings=\"{&quot;background_background&quot;:&quot;classic&quot;,&quot;_ha_eqh_enable&quot;:false}\">\n\t\t\t\t<div class=\"elementor-element elementor-element-ba1d40a elementor-align-left elementor-mobile-align-left elementor-icon-list--layout-traditional elementor-list-item-link-full_width elementor-widget elementor-widget-icon-list\" data-id=\"ba1d40a\" data-element_type=\"widget\" data-widget_type=\"icon-list.default\">\n\t\t\t\t<div class=\"elementor-widget-container\">\n\t\t\t\t\t\t\t<ul class=\"elementor-icon-list-items\">\n\t\t\t\t\t\t\t<li class=\"elementor-icon-list-item\">\n\t\t\t\t\t\t\t\t\t\t\t<a href=\"#\">\n\n\t\t\t\t\t\t\t\t\t\t\t\t<span class=\"elementor-icon-list-icon\">\n\t\t\t\t\t\t\t<svg aria-hidden=\"true\" class=\"e-font-icon-svg e-fas-file-pdf\" viewBox=\"0 0 384 512\" xmlns=\"http:\/\/www.w3.org\/2000\/svg\"><path d=\"M181.9 256.1c-5-16-4.9-46.9-2-46.9 8.4 0 7.6 36.9 2 46.9zm-1.7 47.2c-7.7 20.2-17.3 43.3-28.4 62.7 18.3-7 39-17.2 62.9-21.9-12.7-9.6-24.9-23.4-34.5-40.8zM86.1 428.1c0 .8 13.2-5.4 34.9-40.2-6.7 6.3-29.1 24.5-34.9 40.2zM248 160h136v328c0 13.3-10.7 24-24 24H24c-13.3 0-24-10.7-24-24V24C0 10.7 10.7 0 24 0h200v136c0 13.2 10.8 24 24 24zm-8 171.8c-20-12.2-33.3-29-42.7-53.8 4.5-18.5 11.6-46.6 6.2-64.2-4.7-29.4-42.4-26.5-47.8-6.8-5 18.3-.4 44.1 8.1 77-11.6 27.6-28.7 64.6-40.8 85.8-.1 0-.1.1-.2.1-27.1 13.9-73.6 44.5-54.5 68 5.6 6.9 16 10 21.5 10 17.9 0 35.7-18 61.1-61.8 25.8-8.5 54.1-19.1 79-23.2 21.7 11.8 47.1 19.5 64 19.5 29.2 0 31.2-32 19.7-43.4-13.9-13.6-54.3-9.7-73.6-7.2zM377 105L279 7c-4.5-4.5-10.6-7-17-7h-6v128h128v-6.1c0-6.3-2.5-12.4-7-16.9zm-74.1 255.3c4.1-2.7-2.5-11.9-42.8-9 37.1 15.8 42.8 9 42.8 9z\"><\/path><\/svg>\t\t\t\t\t\t<\/span>\n\t\t\t\t\t\t\t\t\t\t<span class=\"elementor-icon-list-text\">Uluslararas\u0131 Deneyim<\/span>\n\t\t\t\t\t\t\t\t\t\t\t<\/a>\n\t\t\t\t\t\t\t\t\t<\/li>\n\t\t\t\t\t\t\t\t<li class=\"elementor-icon-list-item\">\n\t\t\t\t\t\t\t\t\t\t\t<a href=\"#\">\n\n\t\t\t\t\t\t\t\t\t\t\t\t<span class=\"elementor-icon-list-icon\">\n\t\t\t\t\t\t\t<svg aria-hidden=\"true\" class=\"e-font-icon-svg e-fas-file-pdf\" viewBox=\"0 0 384 512\" xmlns=\"http:\/\/www.w3.org\/2000\/svg\"><path d=\"M181.9 256.1c-5-16-4.9-46.9-2-46.9 8.4 0 7.6 36.9 2 46.9zm-1.7 47.2c-7.7 20.2-17.3 43.3-28.4 62.7 18.3-7 39-17.2 62.9-21.9-12.7-9.6-24.9-23.4-34.5-40.8zM86.1 428.1c0 .8 13.2-5.4 34.9-40.2-6.7 6.3-29.1 24.5-34.9 40.2zM248 160h136v328c0 13.3-10.7 24-24 24H24c-13.3 0-24-10.7-24-24V24C0 10.7 10.7 0 24 0h200v136c0 13.2 10.8 24 24 24zm-8 171.8c-20-12.2-33.3-29-42.7-53.8 4.5-18.5 11.6-46.6 6.2-64.2-4.7-29.4-42.4-26.5-47.8-6.8-5 18.3-.4 44.1 8.1 77-11.6 27.6-28.7 64.6-40.8 85.8-.1 0-.1.1-.2.1-27.1 13.9-73.6 44.5-54.5 68 5.6 6.9 16 10 21.5 10 17.9 0 35.7-18 61.1-61.8 25.8-8.5 54.1-19.1 79-23.2 21.7 11.8 47.1 19.5 64 19.5 29.2 0 31.2-32 19.7-43.4-13.9-13.6-54.3-9.7-73.6-7.2zM377 105L279 7c-4.5-4.5-10.6-7-17-7h-6v128h128v-6.1c0-6.3-2.5-12.4-7-16.9zm-74.1 255.3c4.1-2.7-2.5-11.9-42.8-9 37.1 15.8 42.8 9 42.8 9z\"><\/path><\/svg>\t\t\t\t\t\t<\/span>\n\t\t\t\t\t\t\t\t\t\t<span class=\"elementor-icon-list-text\">Uzman Kadro<\/span>\n\t\t\t\t\t\t\t\t\t\t\t<\/a>\n\t\t\t\t\t\t\t\t\t<\/li>\n\t\t\t\t\t\t\t\t<li class=\"elementor-icon-list-item\">\n\t\t\t\t\t\t\t\t\t\t\t<a href=\"#\">\n\n\t\t\t\t\t\t\t\t\t\t\t\t<span class=\"elementor-icon-list-icon\">\n\t\t\t\t\t\t\t<svg aria-hidden=\"true\" class=\"e-font-icon-svg e-fas-file-pdf\" viewBox=\"0 0 384 512\" xmlns=\"http:\/\/www.w3.org\/2000\/svg\"><path d=\"M181.9 256.1c-5-16-4.9-46.9-2-46.9 8.4 0 7.6 36.9 2 46.9zm-1.7 47.2c-7.7 20.2-17.3 43.3-28.4 62.7 18.3-7 39-17.2 62.9-21.9-12.7-9.6-24.9-23.4-34.5-40.8zM86.1 428.1c0 .8 13.2-5.4 34.9-40.2-6.7 6.3-29.1 24.5-34.9 40.2zM248 160h136v328c0 13.3-10.7 24-24 24H24c-13.3 0-24-10.7-24-24V24C0 10.7 10.7 0 24 0h200v136c0 13.2 10.8 24 24 24zm-8 171.8c-20-12.2-33.3-29-42.7-53.8 4.5-18.5 11.6-46.6 6.2-64.2-4.7-29.4-42.4-26.5-47.8-6.8-5 18.3-.4 44.1 8.1 77-11.6 27.6-28.7 64.6-40.8 85.8-.1 0-.1.1-.2.1-27.1 13.9-73.6 44.5-54.5 68 5.6 6.9 16 10 21.5 10 17.9 0 35.7-18 61.1-61.8 25.8-8.5 54.1-19.1 79-23.2 21.7 11.8 47.1 19.5 64 19.5 29.2 0 31.2-32 19.7-43.4-13.9-13.6-54.3-9.7-73.6-7.2zM377 105L279 7c-4.5-4.5-10.6-7-17-7h-6v128h128v-6.1c0-6.3-2.5-12.4-7-16.9zm-74.1 255.3c4.1-2.7-2.5-11.9-42.8-9 37.1 15.8 42.8 9 42.8 9z\"><\/path><\/svg>\t\t\t\t\t\t<\/span>\n\t\t\t\t\t\t\t\t\t\t<span class=\"elementor-icon-list-text\">G\u00fcvenilir Hizmet<\/span>\n\t\t\t\t\t\t\t\t\t\t\t<\/a>\n\t\t\t\t\t\t\t\t\t<\/li>\n\t\t\t\t\t\t\t\t<li class=\"elementor-icon-list-item\">\n\t\t\t\t\t\t\t\t\t\t\t<a href=\"#\">\n\n\t\t\t\t\t\t\t\t\t\t\t\t<span class=\"elementor-icon-list-icon\">\n\t\t\t\t\t\t\t<svg aria-hidden=\"true\" class=\"e-font-icon-svg e-fas-file-pdf\" viewBox=\"0 0 384 512\" xmlns=\"http:\/\/www.w3.org\/2000\/svg\"><path d=\"M181.9 256.1c-5-16-4.9-46.9-2-46.9 8.4 0 7.6 36.9 2 46.9zm-1.7 47.2c-7.7 20.2-17.3 43.3-28.4 62.7 18.3-7 39-17.2 62.9-21.9-12.7-9.6-24.9-23.4-34.5-40.8zM86.1 428.1c0 .8 13.2-5.4 34.9-40.2-6.7 6.3-29.1 24.5-34.9 40.2zM248 160h136v328c0 13.3-10.7 24-24 24H24c-13.3 0-24-10.7-24-24V24C0 10.7 10.7 0 24 0h200v136c0 13.2 10.8 24 24 24zm-8 171.8c-20-12.2-33.3-29-42.7-53.8 4.5-18.5 11.6-46.6 6.2-64.2-4.7-29.4-42.4-26.5-47.8-6.8-5 18.3-.4 44.1 8.1 77-11.6 27.6-28.7 64.6-40.8 85.8-.1 0-.1.1-.2.1-27.1 13.9-73.6 44.5-54.5 68 5.6 6.9 16 10 21.5 10 17.9 0 35.7-18 61.1-61.8 25.8-8.5 54.1-19.1 79-23.2 21.7 11.8 47.1 19.5 64 19.5 29.2 0 31.2-32 19.7-43.4-13.9-13.6-54.3-9.7-73.6-7.2zM377 105L279 7c-4.5-4.5-10.6-7-17-7h-6v128h128v-6.1c0-6.3-2.5-12.4-7-16.9zm-74.1 255.3c4.1-2.7-2.5-11.9-42.8-9 37.1 15.8 42.8 9 42.8 9z\"><\/path><\/svg>\t\t\t\t\t\t<\/span>\n\t\t\t\t\t\t\t\t\t\t<span class=\"elementor-icon-list-text\">S\u00fcrd\u00fcr\u00fclebilir Yakla\u015f\u0131m<\/span>\n\t\t\t\t\t\t\t\t\t\t\t<\/a>\n\t\t\t\t\t\t\t\t\t<\/li>\n\t\t\t\t\t\t<\/ul>\n\t\t\t\t\t\t<\/div>\n\t\t\t\t<\/div>\n\t\t\t\t<\/div>\n\t\t<div class=\"elementor-element elementor-element-2d1b2ed e-con-full e-flex e-con e-child\" data-id=\"2d1b2ed\" data-element_type=\"container\" data-settings=\"{&quot;background_background&quot;:&quot;classic&quot;,&quot;_ha_eqh_enable&quot;:false}\">\n\t\t<div class=\"elementor-element elementor-element-44fb83a e-con-full e-flex e-con e-child\" data-id=\"44fb83a\" data-element_type=\"container\" data-settings=\"{&quot;background_background&quot;:&quot;classic&quot;,&quot;_ha_eqh_enable&quot;:false}\">\n\t\t\t\t<div class=\"elementor-element elementor-element-817b6fd elementor-widget elementor-widget-elementskit-heading\" data-id=\"817b6fd\" data-element_type=\"widget\" data-widget_type=\"elementskit-heading.default\">\n\t\t\t\t<div class=\"elementor-widget-container\">\n\t\t\t\t\t<div class=\"ekit-wid-con\" ><div class=\"ekit-heading elementskit-section-title-wraper text_center   ekit_heading_tablet-   ekit_heading_mobile-\"><h2 class=\"ekit-heading--title elementskit-section-title \">\u0130leti\u015fime Ge\u00e7in!<\/h2><\/div><\/div>\t\t\t\t<\/div>\n\t\t\t\t<\/div>\n\t\t\t\t<div class=\"elementor-element elementor-element-a21756c elementor-widget elementor-widget-text-editor\" data-id=\"a21756c\" data-element_type=\"widget\" data-widget_type=\"text-editor.default\">\n\t\t\t\t<div class=\"elementor-widget-container\">\n\t\t\t\t\t\t\t\t\t<p>Her sorunuz i\u00e7in bir telefon uza\u011f\u0131n\u0131zday\u0131z! Bize ula\u015f\u0131n, \u00e7\u00f6z\u00fcm odakl\u0131 destek sunal\u0131m.<\/p>\t\t\t\t\t\t\t\t<\/div>\n\t\t\t\t<\/div>\n\t\t\t\t<div class=\"elementor-element elementor-element-16ec8c6 elementor-align-left elementor-icon-list--layout-traditional elementor-list-item-link-full_width elementor-widget elementor-widget-icon-list\" data-id=\"16ec8c6\" data-element_type=\"widget\" data-widget_type=\"icon-list.default\">\n\t\t\t\t<div class=\"elementor-widget-container\">\n\t\t\t\t\t\t\t<ul class=\"elementor-icon-list-items\">\n\t\t\t\t\t\t\t<li class=\"elementor-icon-list-item\">\n\t\t\t\t\t\t\t\t\t\t\t<a href=\"#\">\n\n\t\t\t\t\t\t\t\t\t\t\t\t<span class=\"elementor-icon-list-icon\">\n\t\t\t\t\t\t\t<svg aria-hidden=\"true\" class=\"e-font-icon-svg e-fas-phone-square-alt\" viewBox=\"0 0 448 512\" xmlns=\"http:\/\/www.w3.org\/2000\/svg\"><path d=\"M400 32H48A48 48 0 0 0 0 80v352a48 48 0 0 0 48 48h352a48 48 0 0 0 48-48V80a48 48 0 0 0-48-48zm-16.39 307.37l-15 65A15 15 0 0 1 354 416C194 416 64 286.29 64 126a15.7 15.7 0 0 1 11.63-14.61l65-15A18.23 18.23 0 0 1 144 96a16.27 16.27 0 0 1 13.79 9.09l30 70A17.9 17.9 0 0 1 189 181a17 17 0 0 1-5.5 11.61l-37.89 31a231.91 231.91 0 0 0 110.78 110.78l31-37.89A17 17 0 0 1 299 291a17.85 17.85 0 0 1 5.91 1.21l70 30A16.25 16.25 0 0 1 384 336a17.41 17.41 0 0 1-.39 3.37z\"><\/path><\/svg>\t\t\t\t\t\t<\/span>\n\t\t\t\t\t\t\t\t\t\t<span class=\"elementor-icon-list-text\">0312 911 9703<\/span>\n\t\t\t\t\t\t\t\t\t\t\t<\/a>\n\t\t\t\t\t\t\t\t\t<\/li>\n\t\t\t\t\t\t\t\t<li class=\"elementor-icon-list-item\">\n\t\t\t\t\t\t\t\t\t\t\t<a href=\"#\">\n\n\t\t\t\t\t\t\t\t\t\t\t\t<span class=\"elementor-icon-list-icon\">\n\t\t\t\t\t\t\t<svg aria-hidden=\"true\" class=\"e-font-icon-svg e-fas-envelope-square\" viewBox=\"0 0 448 512\" xmlns=\"http:\/\/www.w3.org\/2000\/svg\"><path d=\"M400 32H48C21.49 32 0 53.49 0 80v352c0 26.51 21.49 48 48 48h352c26.51 0 48-21.49 48-48V80c0-26.51-21.49-48-48-48zM178.117 262.104C87.429 196.287 88.353 196.121 64 177.167V152c0-13.255 10.745-24 24-24h272c13.255 0 24 10.745 24 24v25.167c-24.371 18.969-23.434 19.124-114.117 84.938-10.5 7.655-31.392 26.12-45.883 25.894-14.503.218-35.367-18.227-45.883-25.895zM384 217.775V360c0 13.255-10.745 24-24 24H88c-13.255 0-24-10.745-24-24V217.775c13.958 10.794 33.329 25.236 95.303 70.214 14.162 10.341 37.975 32.145 64.694 32.01 26.887.134 51.037-22.041 64.72-32.025 61.958-44.965 81.325-59.406 95.283-70.199z\"><\/path><\/svg>\t\t\t\t\t\t<\/span>\n\t\t\t\t\t\t\t\t\t\t<span class=\"elementor-icon-list-text\">banu.kilic@orzznt.com<\/span>\n\t\t\t\t\t\t\t\t\t\t\t<\/a>\n\t\t\t\t\t\t\t\t\t<\/li>\n\t\t\t\t\t\t<\/ul>\n\t\t\t\t\t\t<\/div>\n\t\t\t\t<\/div>\n\t\t\t\t<\/div>\n\t\t\t\t<\/div>\n\t\t\t\t<\/div>\n\t\t\t\t<\/div>\n\t\t<div class=\"elementor-element elementor-element-cfeedaf e-con-full e-flex e-con e-child\" data-id=\"cfeedaf\" data-element_type=\"container\" data-settings=\"{&quot;_ha_eqh_enable&quot;:false}\">\n\t\t\t\t<div class=\"elementor-element elementor-element-f8d6544 elementor-widget elementor-widget-text-editor\" data-id=\"f8d6544\" data-element_type=\"widget\" data-widget_type=\"text-editor.default\">\n\t\t\t\t<div class=\"elementor-widget-container\">\n\t\t\t\t\t\t\t\t\t<h3><strong>Proje Bazl\u0131 Te\u015fvikler Dan\u0131\u015fmanl\u0131\u011f\u0131 Hizmeti<\/strong><\/h3><p>Proje bazl\u0131 te\u015fvikler, i\u015fletmelerin sekt\u00f6rel b\u00fcy\u00fcmelerini h\u0131zland\u0131rmak, yenilik\u00e7i projeler geli\u015ftirmelerine destek olmak ve uluslararas\u0131 rekabet avantaj\u0131 sa\u011flamalar\u0131na olanak tan\u0131yan kritik destek ara\u00e7lar\u0131d\u0131r. Orizzonte olarak, i\u015fletmenizin ihtiya\u00e7lar\u0131na \u00f6zel te\u015fvik programlar\u0131n\u0131 belirliyor, projelerinizi do\u011fru bir \u015fekilde yap\u0131land\u0131rarak bu desteklerden en y\u00fcksek d\u00fczeyde faydalanman\u0131z\u0131 sa\u011fl\u0131yoruz. Proje Bazl\u0131 Te\u015fvikler Dan\u0131\u015fmanl\u0131\u011f\u0131 hizmetimiz, \u015firketlerin inovasyon, teknoloji ve s\u00fcrd\u00fcr\u00fclebilirlik hedeflerine ula\u015fmas\u0131n\u0131 kolayla\u015ft\u0131rmak i\u00e7in tasarlanm\u0131\u015ft\u0131r.<\/p><p>Hizmetimiz kapsam\u0131nda sundu\u011fumuz ba\u015fl\u0131ca alanlar:<\/p><p><strong>1. OSB\u2019lere Uygulanan Te\u015fvik ve Muafiyetler<\/strong><br \/>Organize Sanayi B\u00f6lgelerinde (OSB) faaliyet g\u00f6steren firmalar i\u00e7in sa\u011flanan vergi avantajlar\u0131, enerji te\u015fvikleri ve di\u011fer muafiyetlerden etkin bir \u015fekilde yararlanman\u0131za yard\u0131mc\u0131 oluyoruz. OSB\u2019de yer alman\u0131n avantajlar\u0131n\u0131 art\u0131rarak \u00fcretim maliyetlerinizi d\u00fc\u015f\u00fcrmek ve karl\u0131l\u0131\u011f\u0131n\u0131z\u0131 art\u0131rmak i\u00e7in detayl\u0131 te\u015fvik analizleri ger\u00e7ekle\u015ftiriyoruz.<\/p><p><strong>2. Cazibe Merkezi Program\u0131<\/strong><br \/>Kalk\u0131nmada \u00f6ncelikli b\u00f6lgelerde yat\u0131r\u0131m yapmak isteyen firmalar i\u00e7in geli\u015ftirilmi\u015f olan Cazibe Merkezi Program\u0131, finansal ve altyap\u0131 destekleriyle b\u00fcy\u00fck f\u0131rsatlar sunmaktad\u0131r. Bu program kapsam\u0131nda, uygun b\u00f6lgelerdeki yat\u0131r\u0131m f\u0131rsatlar\u0131n\u0131 de\u011ferlendirmenize yard\u0131mc\u0131 oluyor, te\u015fvik ba\u015fvuru s\u00fcre\u00e7lerinizi titizlikle y\u00f6netiyoruz. \u0130\u015fletmenizin b\u00fcy\u00fcmesi i\u00e7in en do\u011fru stratejileri belirliyoruz.<\/p><p><strong>3. Hamle Program\u0131<\/strong><br \/>Hamle Program\u0131, stratejik \u00fcr\u00fcn ve teknolojilerin geli\u015ftirilmesine y\u00f6nelik projelerin desteklenmesini ama\u00e7layan \u00f6zel bir te\u015fvik program\u0131d\u0131r. Firmalar\u0131n\u0131z\u0131n yerli \u00fcretim kapasitesini art\u0131racak, inovasyon odakl\u0131 projeler geli\u015ftirmesini sa\u011flayacak bu programda, her a\u015famada yan\u0131n\u0131zday\u0131z. Proje ba\u015fvurular\u0131n\u0131z\u0131 haz\u0131rl\u0131yor, teknik ve mali gereksinimlerinizi kar\u015f\u0131laman\u0131z\u0131 sa\u011fl\u0131yoruz.<\/p><p><strong>4. T\u00dcB\u0130TAK Projelendirme<\/strong><br \/>Bilim ve teknoloji temelli projeleriniz i\u00e7in T\u00dcB\u0130TAK taraf\u0131ndan sa\u011flanan te\u015fviklerden faydalanman\u0131z art\u0131k daha kolay! Ar-Ge ve yenilik\u00e7ilik odakl\u0131 projelerinizin T\u00dcB\u0130TAK destek programlar\u0131na uygun hale getirilmesini sa\u011fl\u0131yor, ba\u015fvuru s\u00fcre\u00e7lerinizi en verimli \u015fekilde y\u00f6netiyoruz. Projelerinizin ulusal ve uluslararas\u0131 standartlara uygun \u015fekilde ilerlemesine rehberlik ediyoruz.<\/p><p><strong>5. KOSGEB Projelendirme<\/strong><br \/>KOB\u0130\u2019lerin b\u00fcy\u00fcme ve geli\u015fim s\u00fcre\u00e7lerini h\u0131zland\u0131rmay\u0131 hedefleyen KOSGEB destek programlar\u0131ndan faydalanmak i\u00e7in uzman ekibimizle i\u015f birli\u011fi yapabilirsiniz. \u0130\u015fletmenizin KOSGEB destekli projelerini hayata ge\u00e7irmenize yard\u0131mc\u0131 oluyor, bu s\u00fcre\u00e7te do\u011fru te\u015fvik modellerini uygulayarak i\u015fletmenize de\u011fer kat\u0131yoruz.<\/p><p><strong>6. Yerli Mali Belgesi<\/strong><br \/>Yerli \u00fcretimi te\u015fvik eden Yerli Mali Belgesi, yerli \u00fcr\u00fcnlerin ulusal ve uluslararas\u0131 pazarlarda \u00f6ncelikli olarak de\u011ferlendirilmesine olanak tan\u0131r. Bu belgeyi edinmeniz i\u00e7in gerekli s\u00fcre\u00e7leri ba\u015ftan sona y\u00f6netiyor, \u00fcr\u00fcnlerinizi yerli \u00fcretim avantajlar\u0131yla desteklenmi\u015f bir konuma ta\u015f\u0131yoruz.<\/p><p><strong>7. Teknolojik \u00dcr\u00fcn Deneyim (T\u00dcR) Belgesi<\/strong><br \/>Yenilik\u00e7i ve y\u00fcksek teknolojili \u00fcr\u00fcnlerinizi \u00f6ne \u00e7\u0131karmak i\u00e7in Teknolojik \u00dcr\u00fcn Deneyim Belgesi\u2019ni alman\u0131za yard\u0131mc\u0131 oluyoruz. Bu belge, i\u015fletmenizin teknoloji odakl\u0131 projelerine destek sa\u011flarken, pazarda daha g\u00fc\u00e7l\u00fc bir konum edinmenize de olanak tan\u0131r. T\u00dcR Belgesi ba\u015fvurular\u0131n\u0131z\u0131 eksiksiz bir \u015fekilde haz\u0131rl\u0131yor ve t\u00fcm a\u015famalarda rehberlik sa\u011fl\u0131yoruz.<\/p><p>Proje Bazl\u0131 Te\u015fvikler Dan\u0131\u015fmanl\u0131\u011f\u0131 hizmetimiz, i\u015fletmenizin hem ulusal hem de uluslararas\u0131 piyasalarda rekabet avantaj\u0131 sa\u011flamas\u0131na destek olmay\u0131 hedefler. Her bir proje i\u00e7in \u00f6zel \u00e7\u00f6z\u00fcmler sunarak, te\u015fviklerden maksimum verim alman\u0131z\u0131 ve projelerinizin sorunsuz bir \u015fekilde ilerlemesini garanti ediyoruz. Orizzonte ile i\u015f birli\u011fi yaparak, i\u015f hedeflerinizi ger\u00e7e\u011fe d\u00f6n\u00fc\u015ft\u00fcrmek i\u00e7in sa\u011flam ad\u0131mlar atabilirsiniz.<\/p>\t\t\t\t\t\t\t\t<\/div>\n\t\t\t\t<\/div>\n\t\t\t\t<\/div>\n\t\t\t\t<\/div>\n\t\t\t\t\t<\/div>\n\t\t\t\t<\/div>\n\t\t\t\t<\/div>\n\t\t","protected":false},"excerpt":{"rendered":"<p>Proje Bazl\u0131 Te\u015fvikler Dan\u0131\u015fmanl\u0131\u011f\u0131 Anasayfa\/Hizmetlerimiz\/Proje Bazl\u0131 Te\u015fvikler Dan\u0131\u015fmanl\u0131\u011f\u0131 Hizmetlerimiz \u0130hracat Te\u015fvikleri Dan\u0131\u015fmanl\u0131\u011f\u0131 Yat\u0131r\u0131m Te\u015fvikleri Dan\u0131\u015fmanl\u0131\u011f\u0131 Proje Bazl\u0131 Te\u015fvikler Dan\u0131\u015fmanl\u0131\u011f\u0131 Ar-Ge ve Tasar\u0131m Merkezi Dan\u0131\u015fmanl\u0131\u011f\u0131 Teknopark Dan\u0131\u015fmanl\u0131\u011f\u0131 Kurumsal Risk Y\u00f6netimi Dan\u0131\u015fmanl\u0131\u011f\u0131 Uluslararas\u0131 Deneyim Uzman Kadro G\u00fcvenilir Hizmet S\u00fcrd\u00fcr\u00fclebilir Yakla\u015f\u0131m \u0130leti\u015fime Ge\u00e7in! Her sorunuz i\u00e7in bir telefon uza\u011f\u0131n\u0131zday\u0131z! Bize ula\u015f\u0131n, \u00e7\u00f6z\u00fcm odakl\u0131 destek sunal\u0131m. 0312 911 9703 [&hellip;]<\/p>\n","protected":false},"author":1,"featured_media":0,"parent":0,"menu_order":0,"comment_status":"closed","ping_status":"closed","template":"","meta":{"footnotes":""},"class_list":["post-436","page","type-page","status-publish","hentry"],"_links":{"self":[{"href":"https:\/\/www.orzznt.com\/index.php\/wp-json\/wp\/v2\/pages\/436","targetHints":{"allow":["GET"]}}],"collection":[{"href":"https:\/\/www.orzznt.com\/index.php\/wp-json\/wp\/v2\/pages"}],"about":[{"href":"https:\/\/www.orzznt.com\/index.php\/wp-json\/wp\/v2\/types\/page"}],"author":[{"embeddable":true,"href":"https:\/\/www.orzznt.com\/index.php\/wp-json\/wp\/v2\/users\/1"}],"replies":[{"embeddable":true,"href":"https:\/\/www.orzznt.com\/index.php\/wp-json\/wp\/v2\/comments?post=436"}],"version-history":[{"count":34,"href":"https:\/\/www.orzznt.com\/index.php\/wp-json\/wp\/v2\/pages\/436\/revisions"}],"predecessor-version":[{"id":715,"href":"https:\/\/www.orzznt.com\/index.php\/wp-json\/wp\/v2\/pages\/436\/revisions\/715"}],"wp:attachment":[{"href":"https:\/\/www.orzznt.com\/index.php\/wp-json\/wp\/v2\/media?parent=436"}],"curies":[{"name":"wp","href":"https:\/\/api.w.org\/{rel}","templated":true}]}}