{"id":422,"date":"2024-11-29T09:01:48","date_gmt":"2024-11-29T09:01:48","guid":{"rendered":"http:\/\/www.orzznt.com\/?page_id=422"},"modified":"2024-12-02T12:43:23","modified_gmt":"2024-12-02T12:43:23","slug":"yatirim-tesvikleri-danismanligi","status":"publish","type":"page","link":"https:\/\/www.orzznt.com\/index.php\/yatirim-tesvikleri-danismanligi\/","title":{"rendered":"Yat\u0131r\u0131m Te\u015fvikleri Dan\u0131\u015fmanl\u0131\u011f\u0131"},"content":{"rendered":"\t\t<div data-elementor-type=\"wp-page\" data-elementor-id=\"422\" class=\"elementor elementor-422\" data-elementor-post-type=\"page\">\n\t\t\t\t<div class=\"elementor-element elementor-element-e96c2e3 e-flex e-con-boxed e-con e-parent\" data-id=\"e96c2e3\" data-element_type=\"container\" data-settings=\"{&quot;background_background&quot;:&quot;classic&quot;,&quot;_ha_eqh_enable&quot;:false}\">\n\t\t\t\t\t<div class=\"e-con-inner\">\n\t\t<div class=\"elementor-element elementor-element-f7bbb3b e-con-full e-flex e-con e-child\" data-id=\"f7bbb3b\" data-element_type=\"container\" data-settings=\"{&quot;_ha_eqh_enable&quot;:false}\">\n\t\t\t\t<div class=\"elementor-element elementor-element-48e300a elementor-widget elementor-widget-heading\" data-id=\"48e300a\" data-element_type=\"widget\" data-widget_type=\"heading.default\">\n\t\t\t\t<div class=\"elementor-widget-container\">\n\t\t\t\t\t<h2 class=\"elementor-heading-title elementor-size-default\">Yat\u0131r\u0131m Te\u015fvikleri Dan\u0131\u015fmanl\u0131\u011f\u0131<\/h2>\t\t\t\t<\/div>\n\t\t\t\t<\/div>\n\t\t\t\t<div class=\"elementor-element elementor-element-2a8e9d2 elementor-widget elementor-widget-text-editor\" data-id=\"2a8e9d2\" data-element_type=\"widget\" data-widget_type=\"text-editor.default\">\n\t\t\t\t<div class=\"elementor-widget-container\">\n\t\t\t\t\t\t\t\t\t<p>Anasayfa\/Hizmetlerimiz\/Yat\u0131r\u0131m Te\u015fvikleri Dan\u0131\u015fmanl\u0131\u011f\u0131<\/p>\t\t\t\t\t\t\t\t<\/div>\n\t\t\t\t<\/div>\n\t\t\t\t<\/div>\n\t\t\t\t\t<\/div>\n\t\t\t\t<\/div>\n\t\t<div class=\"elementor-element elementor-element-7e60fc6 e-flex e-con-boxed e-con e-parent\" data-id=\"7e60fc6\" data-element_type=\"container\" data-settings=\"{&quot;_ha_eqh_enable&quot;:false}\">\n\t\t\t\t\t<div class=\"e-con-inner\">\n\t\t<div class=\"elementor-element elementor-element-f11bedd e-con-full e-flex e-con e-child\" data-id=\"f11bedd\" data-element_type=\"container\" data-settings=\"{&quot;_ha_eqh_enable&quot;:false}\">\n\t\t<div class=\"elementor-element elementor-element-d5b6fcb e-con-full e-flex e-con e-child\" data-id=\"d5b6fcb\" data-element_type=\"container\" data-settings=\"{&quot;_ha_eqh_enable&quot;:false}\">\n\t\t\t\t<div class=\"elementor-element elementor-element-743898a elementor-widget elementor-widget-elementskit-heading\" data-id=\"743898a\" data-element_type=\"widget\" data-widget_type=\"elementskit-heading.default\">\n\t\t\t\t<div class=\"elementor-widget-container\">\n\t\t\t\t\t<div class=\"ekit-wid-con\" ><div class=\"ekit-heading elementskit-section-title-wraper text_left   ekit_heading_tablet-   ekit_heading_mobile-text_left\"><h2 class=\"ekit-heading--title elementskit-section-title \">Hizmetlerimiz<\/h2><\/div><\/div>\t\t\t\t<\/div>\n\t\t\t\t<\/div>\n\t\t\t\t<div class=\"elementor-element elementor-element-0b69a55 elementor-align-left elementor-mobile-align-left elementor-icon-list--layout-traditional elementor-list-item-link-full_width elementor-widget elementor-widget-icon-list\" data-id=\"0b69a55\" data-element_type=\"widget\" data-widget_type=\"icon-list.default\">\n\t\t\t\t<div class=\"elementor-widget-container\">\n\t\t\t\t\t\t\t<ul class=\"elementor-icon-list-items\">\n\t\t\t\t\t\t\t<li class=\"elementor-icon-list-item\">\n\t\t\t\t\t\t\t\t\t\t\t<a href=\"https:\/\/www.orzznt.com\/index.php\/ihracat-tesvikleri-danismanligi\/\">\n\n\t\t\t\t\t\t\t\t\t\t\t\t<span class=\"elementor-icon-list-icon\">\n\t\t\t\t\t\t\t<i aria-hidden=\"true\" class=\"icon icon-right-arrow1\"><\/i>\t\t\t\t\t\t<\/span>\n\t\t\t\t\t\t\t\t\t\t<span class=\"elementor-icon-list-text\">\u0130hracat Te\u015fvikleri Dan\u0131\u015fmanl\u0131\u011f\u0131<\/span>\n\t\t\t\t\t\t\t\t\t\t\t<\/a>\n\t\t\t\t\t\t\t\t\t<\/li>\n\t\t\t\t\t\t\t\t<li class=\"elementor-icon-list-item\">\n\t\t\t\t\t\t\t\t\t\t\t<a href=\"https:\/\/www.orzznt.com\/index.php\/yatirim-tesvikleri-danismanligi\/\">\n\n\t\t\t\t\t\t\t\t\t\t\t\t<span class=\"elementor-icon-list-icon\">\n\t\t\t\t\t\t\t<i aria-hidden=\"true\" class=\"icon icon-right-arrow1\"><\/i>\t\t\t\t\t\t<\/span>\n\t\t\t\t\t\t\t\t\t\t<span class=\"elementor-icon-list-text\">Yat\u0131r\u0131m Te\u015fvikleri Dan\u0131\u015fmanl\u0131\u011f\u0131<\/span>\n\t\t\t\t\t\t\t\t\t\t\t<\/a>\n\t\t\t\t\t\t\t\t\t<\/li>\n\t\t\t\t\t\t\t\t<li class=\"elementor-icon-list-item\">\n\t\t\t\t\t\t\t\t\t\t\t<a href=\"https:\/\/www.orzznt.com\/index.php\/proje-bazli-tesvikler-danismanligi\/\">\n\n\t\t\t\t\t\t\t\t\t\t\t\t<span class=\"elementor-icon-list-icon\">\n\t\t\t\t\t\t\t<i aria-hidden=\"true\" class=\"icon icon-right-arrow1\"><\/i>\t\t\t\t\t\t<\/span>\n\t\t\t\t\t\t\t\t\t\t<span class=\"elementor-icon-list-text\">Proje Bazl\u0131 Te\u015fvikler Dan\u0131\u015fmanl\u0131\u011f\u0131<\/span>\n\t\t\t\t\t\t\t\t\t\t\t<\/a>\n\t\t\t\t\t\t\t\t\t<\/li>\n\t\t\t\t\t\t\t\t<li class=\"elementor-icon-list-item\">\n\t\t\t\t\t\t\t\t\t\t\t<a href=\"https:\/\/www.orzznt.com\/index.php\/ar-ge-ve-tasarim-merkezi-danismanligi\/\">\n\n\t\t\t\t\t\t\t\t\t\t\t\t<span class=\"elementor-icon-list-icon\">\n\t\t\t\t\t\t\t<i aria-hidden=\"true\" class=\"icon icon-right-arrow1\"><\/i>\t\t\t\t\t\t<\/span>\n\t\t\t\t\t\t\t\t\t\t<span class=\"elementor-icon-list-text\">Ar-Ge ve Tasar\u0131m Merkezi Dan\u0131\u015fmanl\u0131\u011f\u0131<\/span>\n\t\t\t\t\t\t\t\t\t\t\t<\/a>\n\t\t\t\t\t\t\t\t\t<\/li>\n\t\t\t\t\t\t\t\t<li class=\"elementor-icon-list-item\">\n\t\t\t\t\t\t\t\t\t\t\t<a href=\"https:\/\/www.orzznt.com\/index.php\/teknopark-danismanligi\/\">\n\n\t\t\t\t\t\t\t\t\t\t\t\t<span class=\"elementor-icon-list-icon\">\n\t\t\t\t\t\t\t<i aria-hidden=\"true\" class=\"icon icon-right-arrow1\"><\/i>\t\t\t\t\t\t<\/span>\n\t\t\t\t\t\t\t\t\t\t<span class=\"elementor-icon-list-text\">Teknopark Dan\u0131\u015fmanl\u0131\u011f\u0131<\/span>\n\t\t\t\t\t\t\t\t\t\t\t<\/a>\n\t\t\t\t\t\t\t\t\t<\/li>\n\t\t\t\t\t\t\t\t<li class=\"elementor-icon-list-item\">\n\t\t\t\t\t\t\t\t\t\t\t<a href=\"https:\/\/www.orzznt.com\/index.php\/kurumsal-risk-yonetimi-danismanligi\/\">\n\n\t\t\t\t\t\t\t\t\t\t\t\t<span class=\"elementor-icon-list-icon\">\n\t\t\t\t\t\t\t<i aria-hidden=\"true\" class=\"icon icon-right-arrow1\"><\/i>\t\t\t\t\t\t<\/span>\n\t\t\t\t\t\t\t\t\t\t<span class=\"elementor-icon-list-text\">Kurumsal Risk Y\u00f6netimi Dan\u0131\u015fmanl\u0131\u011f\u0131<\/span>\n\t\t\t\t\t\t\t\t\t\t\t<\/a>\n\t\t\t\t\t\t\t\t\t<\/li>\n\t\t\t\t\t\t<\/ul>\n\t\t\t\t\t\t<\/div>\n\t\t\t\t<\/div>\n\t\t\t\t<\/div>\n\t\t<div class=\"elementor-element elementor-element-cd80eb6 e-con-full e-flex e-con e-child\" data-id=\"cd80eb6\" data-element_type=\"container\" data-settings=\"{&quot;_ha_eqh_enable&quot;:false}\">\n\t\t\t\t<div class=\"elementor-element elementor-element-680bd55 elementor-widget elementor-widget-image\" data-id=\"680bd55\" data-element_type=\"widget\" data-widget_type=\"image.default\">\n\t\t\t\t<div class=\"elementor-widget-container\">\n\t\t\t\t\t\t\t\t\t\t\t\t\t\t\t<img fetchpriority=\"high\" decoding=\"async\" width=\"800\" height=\"534\" src=\"https:\/\/www.orzznt.com\/wp-content\/uploads\/2024\/11\/1551904338-1024x683.jpg\" class=\"attachment-large size-large wp-image-371\" alt=\"\" srcset=\"https:\/\/www.orzznt.com\/wp-content\/uploads\/2024\/11\/1551904338-1024x683.jpg 1024w, https:\/\/www.orzznt.com\/wp-content\/uploads\/2024\/11\/1551904338-300x200.jpg 300w, https:\/\/www.orzznt.com\/wp-content\/uploads\/2024\/11\/1551904338-768x512.jpg 768w, https:\/\/www.orzznt.com\/wp-content\/uploads\/2024\/11\/1551904338.jpg 1200w\" sizes=\"(max-width: 800px) 100vw, 800px\" \/>\t\t\t\t\t\t\t\t\t\t\t\t\t\t\t<\/div>\n\t\t\t\t<\/div>\n\t\t\t\t<\/div>\n\t\t\t\t<\/div>\n\t\t\t\t\t<\/div>\n\t\t\t\t<\/div>\n\t\t<div class=\"elementor-element elementor-element-830cb21 e-flex e-con-boxed e-con e-parent\" data-id=\"830cb21\" data-element_type=\"container\" data-settings=\"{&quot;_ha_eqh_enable&quot;:false}\">\n\t\t\t\t\t<div class=\"e-con-inner\">\n\t\t<div class=\"elementor-element elementor-element-ca41165 e-con-full e-flex e-con e-child\" data-id=\"ca41165\" data-element_type=\"container\" data-settings=\"{&quot;_ha_eqh_enable&quot;:false}\">\n\t\t<div class=\"elementor-element elementor-element-cefaf10 e-con-full e-flex e-con e-child\" data-id=\"cefaf10\" data-element_type=\"container\" data-settings=\"{&quot;_ha_eqh_enable&quot;:false}\">\n\t\t<div class=\"elementor-element elementor-element-3e35687 e-con-full e-flex e-con e-child\" data-id=\"3e35687\" data-element_type=\"container\" data-settings=\"{&quot;_ha_eqh_enable&quot;:false}\">\n\t\t<div class=\"elementor-element elementor-element-f097f40 e-con-full e-flex e-con e-child\" data-id=\"f097f40\" data-element_type=\"container\" data-settings=\"{&quot;background_background&quot;:&quot;classic&quot;,&quot;_ha_eqh_enable&quot;:false}\">\n\t\t\t\t<div class=\"elementor-element elementor-element-31d45bf elementor-align-left elementor-mobile-align-left elementor-icon-list--layout-traditional elementor-list-item-link-full_width elementor-widget elementor-widget-icon-list\" data-id=\"31d45bf\" data-element_type=\"widget\" data-widget_type=\"icon-list.default\">\n\t\t\t\t<div class=\"elementor-widget-container\">\n\t\t\t\t\t\t\t<ul class=\"elementor-icon-list-items\">\n\t\t\t\t\t\t\t<li class=\"elementor-icon-list-item\">\n\t\t\t\t\t\t\t\t\t\t\t<a href=\"#\">\n\n\t\t\t\t\t\t\t\t\t\t\t\t<span class=\"elementor-icon-list-icon\">\n\t\t\t\t\t\t\t<svg aria-hidden=\"true\" class=\"e-font-icon-svg e-fas-file-pdf\" viewBox=\"0 0 384 512\" xmlns=\"http:\/\/www.w3.org\/2000\/svg\"><path d=\"M181.9 256.1c-5-16-4.9-46.9-2-46.9 8.4 0 7.6 36.9 2 46.9zm-1.7 47.2c-7.7 20.2-17.3 43.3-28.4 62.7 18.3-7 39-17.2 62.9-21.9-12.7-9.6-24.9-23.4-34.5-40.8zM86.1 428.1c0 .8 13.2-5.4 34.9-40.2-6.7 6.3-29.1 24.5-34.9 40.2zM248 160h136v328c0 13.3-10.7 24-24 24H24c-13.3 0-24-10.7-24-24V24C0 10.7 10.7 0 24 0h200v136c0 13.2 10.8 24 24 24zm-8 171.8c-20-12.2-33.3-29-42.7-53.8 4.5-18.5 11.6-46.6 6.2-64.2-4.7-29.4-42.4-26.5-47.8-6.8-5 18.3-.4 44.1 8.1 77-11.6 27.6-28.7 64.6-40.8 85.8-.1 0-.1.1-.2.1-27.1 13.9-73.6 44.5-54.5 68 5.6 6.9 16 10 21.5 10 17.9 0 35.7-18 61.1-61.8 25.8-8.5 54.1-19.1 79-23.2 21.7 11.8 47.1 19.5 64 19.5 29.2 0 31.2-32 19.7-43.4-13.9-13.6-54.3-9.7-73.6-7.2zM377 105L279 7c-4.5-4.5-10.6-7-17-7h-6v128h128v-6.1c0-6.3-2.5-12.4-7-16.9zm-74.1 255.3c4.1-2.7-2.5-11.9-42.8-9 37.1 15.8 42.8 9 42.8 9z\"><\/path><\/svg>\t\t\t\t\t\t<\/span>\n\t\t\t\t\t\t\t\t\t\t<span class=\"elementor-icon-list-text\">Uluslararas\u0131 Deneyim<\/span>\n\t\t\t\t\t\t\t\t\t\t\t<\/a>\n\t\t\t\t\t\t\t\t\t<\/li>\n\t\t\t\t\t\t\t\t<li class=\"elementor-icon-list-item\">\n\t\t\t\t\t\t\t\t\t\t\t<a href=\"#\">\n\n\t\t\t\t\t\t\t\t\t\t\t\t<span class=\"elementor-icon-list-icon\">\n\t\t\t\t\t\t\t<svg aria-hidden=\"true\" class=\"e-font-icon-svg e-fas-file-pdf\" viewBox=\"0 0 384 512\" xmlns=\"http:\/\/www.w3.org\/2000\/svg\"><path d=\"M181.9 256.1c-5-16-4.9-46.9-2-46.9 8.4 0 7.6 36.9 2 46.9zm-1.7 47.2c-7.7 20.2-17.3 43.3-28.4 62.7 18.3-7 39-17.2 62.9-21.9-12.7-9.6-24.9-23.4-34.5-40.8zM86.1 428.1c0 .8 13.2-5.4 34.9-40.2-6.7 6.3-29.1 24.5-34.9 40.2zM248 160h136v328c0 13.3-10.7 24-24 24H24c-13.3 0-24-10.7-24-24V24C0 10.7 10.7 0 24 0h200v136c0 13.2 10.8 24 24 24zm-8 171.8c-20-12.2-33.3-29-42.7-53.8 4.5-18.5 11.6-46.6 6.2-64.2-4.7-29.4-42.4-26.5-47.8-6.8-5 18.3-.4 44.1 8.1 77-11.6 27.6-28.7 64.6-40.8 85.8-.1 0-.1.1-.2.1-27.1 13.9-73.6 44.5-54.5 68 5.6 6.9 16 10 21.5 10 17.9 0 35.7-18 61.1-61.8 25.8-8.5 54.1-19.1 79-23.2 21.7 11.8 47.1 19.5 64 19.5 29.2 0 31.2-32 19.7-43.4-13.9-13.6-54.3-9.7-73.6-7.2zM377 105L279 7c-4.5-4.5-10.6-7-17-7h-6v128h128v-6.1c0-6.3-2.5-12.4-7-16.9zm-74.1 255.3c4.1-2.7-2.5-11.9-42.8-9 37.1 15.8 42.8 9 42.8 9z\"><\/path><\/svg>\t\t\t\t\t\t<\/span>\n\t\t\t\t\t\t\t\t\t\t<span class=\"elementor-icon-list-text\">Uzman Kadro<\/span>\n\t\t\t\t\t\t\t\t\t\t\t<\/a>\n\t\t\t\t\t\t\t\t\t<\/li>\n\t\t\t\t\t\t\t\t<li class=\"elementor-icon-list-item\">\n\t\t\t\t\t\t\t\t\t\t\t<a href=\"#\">\n\n\t\t\t\t\t\t\t\t\t\t\t\t<span class=\"elementor-icon-list-icon\">\n\t\t\t\t\t\t\t<svg aria-hidden=\"true\" class=\"e-font-icon-svg e-fas-file-pdf\" viewBox=\"0 0 384 512\" xmlns=\"http:\/\/www.w3.org\/2000\/svg\"><path d=\"M181.9 256.1c-5-16-4.9-46.9-2-46.9 8.4 0 7.6 36.9 2 46.9zm-1.7 47.2c-7.7 20.2-17.3 43.3-28.4 62.7 18.3-7 39-17.2 62.9-21.9-12.7-9.6-24.9-23.4-34.5-40.8zM86.1 428.1c0 .8 13.2-5.4 34.9-40.2-6.7 6.3-29.1 24.5-34.9 40.2zM248 160h136v328c0 13.3-10.7 24-24 24H24c-13.3 0-24-10.7-24-24V24C0 10.7 10.7 0 24 0h200v136c0 13.2 10.8 24 24 24zm-8 171.8c-20-12.2-33.3-29-42.7-53.8 4.5-18.5 11.6-46.6 6.2-64.2-4.7-29.4-42.4-26.5-47.8-6.8-5 18.3-.4 44.1 8.1 77-11.6 27.6-28.7 64.6-40.8 85.8-.1 0-.1.1-.2.1-27.1 13.9-73.6 44.5-54.5 68 5.6 6.9 16 10 21.5 10 17.9 0 35.7-18 61.1-61.8 25.8-8.5 54.1-19.1 79-23.2 21.7 11.8 47.1 19.5 64 19.5 29.2 0 31.2-32 19.7-43.4-13.9-13.6-54.3-9.7-73.6-7.2zM377 105L279 7c-4.5-4.5-10.6-7-17-7h-6v128h128v-6.1c0-6.3-2.5-12.4-7-16.9zm-74.1 255.3c4.1-2.7-2.5-11.9-42.8-9 37.1 15.8 42.8 9 42.8 9z\"><\/path><\/svg>\t\t\t\t\t\t<\/span>\n\t\t\t\t\t\t\t\t\t\t<span class=\"elementor-icon-list-text\">G\u00fcvenilir Hizmet<\/span>\n\t\t\t\t\t\t\t\t\t\t\t<\/a>\n\t\t\t\t\t\t\t\t\t<\/li>\n\t\t\t\t\t\t\t\t<li class=\"elementor-icon-list-item\">\n\t\t\t\t\t\t\t\t\t\t\t<a href=\"#\">\n\n\t\t\t\t\t\t\t\t\t\t\t\t<span class=\"elementor-icon-list-icon\">\n\t\t\t\t\t\t\t<svg aria-hidden=\"true\" class=\"e-font-icon-svg e-fas-file-pdf\" viewBox=\"0 0 384 512\" xmlns=\"http:\/\/www.w3.org\/2000\/svg\"><path d=\"M181.9 256.1c-5-16-4.9-46.9-2-46.9 8.4 0 7.6 36.9 2 46.9zm-1.7 47.2c-7.7 20.2-17.3 43.3-28.4 62.7 18.3-7 39-17.2 62.9-21.9-12.7-9.6-24.9-23.4-34.5-40.8zM86.1 428.1c0 .8 13.2-5.4 34.9-40.2-6.7 6.3-29.1 24.5-34.9 40.2zM248 160h136v328c0 13.3-10.7 24-24 24H24c-13.3 0-24-10.7-24-24V24C0 10.7 10.7 0 24 0h200v136c0 13.2 10.8 24 24 24zm-8 171.8c-20-12.2-33.3-29-42.7-53.8 4.5-18.5 11.6-46.6 6.2-64.2-4.7-29.4-42.4-26.5-47.8-6.8-5 18.3-.4 44.1 8.1 77-11.6 27.6-28.7 64.6-40.8 85.8-.1 0-.1.1-.2.1-27.1 13.9-73.6 44.5-54.5 68 5.6 6.9 16 10 21.5 10 17.9 0 35.7-18 61.1-61.8 25.8-8.5 54.1-19.1 79-23.2 21.7 11.8 47.1 19.5 64 19.5 29.2 0 31.2-32 19.7-43.4-13.9-13.6-54.3-9.7-73.6-7.2zM377 105L279 7c-4.5-4.5-10.6-7-17-7h-6v128h128v-6.1c0-6.3-2.5-12.4-7-16.9zm-74.1 255.3c4.1-2.7-2.5-11.9-42.8-9 37.1 15.8 42.8 9 42.8 9z\"><\/path><\/svg>\t\t\t\t\t\t<\/span>\n\t\t\t\t\t\t\t\t\t\t<span class=\"elementor-icon-list-text\">S\u00fcrd\u00fcr\u00fclebilir Yakla\u015f\u0131m<\/span>\n\t\t\t\t\t\t\t\t\t\t\t<\/a>\n\t\t\t\t\t\t\t\t\t<\/li>\n\t\t\t\t\t\t<\/ul>\n\t\t\t\t\t\t<\/div>\n\t\t\t\t<\/div>\n\t\t\t\t<\/div>\n\t\t<div class=\"elementor-element elementor-element-54e3652 e-con-full e-flex e-con e-child\" data-id=\"54e3652\" data-element_type=\"container\" data-settings=\"{&quot;background_background&quot;:&quot;classic&quot;,&quot;_ha_eqh_enable&quot;:false}\">\n\t\t<div class=\"elementor-element elementor-element-371d3ca e-con-full e-flex e-con e-child\" data-id=\"371d3ca\" data-element_type=\"container\" data-settings=\"{&quot;background_background&quot;:&quot;classic&quot;,&quot;_ha_eqh_enable&quot;:false}\">\n\t\t\t\t<div class=\"elementor-element elementor-element-68648a1 elementor-widget elementor-widget-elementskit-heading\" data-id=\"68648a1\" data-element_type=\"widget\" data-widget_type=\"elementskit-heading.default\">\n\t\t\t\t<div class=\"elementor-widget-container\">\n\t\t\t\t\t<div class=\"ekit-wid-con\" ><div class=\"ekit-heading elementskit-section-title-wraper text_center   ekit_heading_tablet-   ekit_heading_mobile-\"><h2 class=\"ekit-heading--title elementskit-section-title \">\u0130leti\u015fime Ge\u00e7in!<\/h2><\/div><\/div>\t\t\t\t<\/div>\n\t\t\t\t<\/div>\n\t\t\t\t<div class=\"elementor-element elementor-element-889bdfa elementor-widget elementor-widget-text-editor\" data-id=\"889bdfa\" data-element_type=\"widget\" data-widget_type=\"text-editor.default\">\n\t\t\t\t<div class=\"elementor-widget-container\">\n\t\t\t\t\t\t\t\t\t<p>Her sorunuz i\u00e7in bir telefon uza\u011f\u0131n\u0131zday\u0131z! Bize ula\u015f\u0131n, \u00e7\u00f6z\u00fcm odakl\u0131 destek sunal\u0131m.<\/p>\t\t\t\t\t\t\t\t<\/div>\n\t\t\t\t<\/div>\n\t\t\t\t<div class=\"elementor-element elementor-element-2859c39 elementor-align-left elementor-icon-list--layout-traditional elementor-list-item-link-full_width elementor-widget elementor-widget-icon-list\" data-id=\"2859c39\" data-element_type=\"widget\" data-widget_type=\"icon-list.default\">\n\t\t\t\t<div class=\"elementor-widget-container\">\n\t\t\t\t\t\t\t<ul class=\"elementor-icon-list-items\">\n\t\t\t\t\t\t\t<li class=\"elementor-icon-list-item\">\n\t\t\t\t\t\t\t\t\t\t\t<a href=\"#\">\n\n\t\t\t\t\t\t\t\t\t\t\t\t<span class=\"elementor-icon-list-icon\">\n\t\t\t\t\t\t\t<svg aria-hidden=\"true\" class=\"e-font-icon-svg e-fas-phone-square-alt\" viewBox=\"0 0 448 512\" xmlns=\"http:\/\/www.w3.org\/2000\/svg\"><path d=\"M400 32H48A48 48 0 0 0 0 80v352a48 48 0 0 0 48 48h352a48 48 0 0 0 48-48V80a48 48 0 0 0-48-48zm-16.39 307.37l-15 65A15 15 0 0 1 354 416C194 416 64 286.29 64 126a15.7 15.7 0 0 1 11.63-14.61l65-15A18.23 18.23 0 0 1 144 96a16.27 16.27 0 0 1 13.79 9.09l30 70A17.9 17.9 0 0 1 189 181a17 17 0 0 1-5.5 11.61l-37.89 31a231.91 231.91 0 0 0 110.78 110.78l31-37.89A17 17 0 0 1 299 291a17.85 17.85 0 0 1 5.91 1.21l70 30A16.25 16.25 0 0 1 384 336a17.41 17.41 0 0 1-.39 3.37z\"><\/path><\/svg>\t\t\t\t\t\t<\/span>\n\t\t\t\t\t\t\t\t\t\t<span class=\"elementor-icon-list-text\">0312 911 9703<\/span>\n\t\t\t\t\t\t\t\t\t\t\t<\/a>\n\t\t\t\t\t\t\t\t\t<\/li>\n\t\t\t\t\t\t\t\t<li class=\"elementor-icon-list-item\">\n\t\t\t\t\t\t\t\t\t\t\t<a href=\"#\">\n\n\t\t\t\t\t\t\t\t\t\t\t\t<span class=\"elementor-icon-list-icon\">\n\t\t\t\t\t\t\t<svg aria-hidden=\"true\" class=\"e-font-icon-svg e-fas-envelope-square\" viewBox=\"0 0 448 512\" xmlns=\"http:\/\/www.w3.org\/2000\/svg\"><path d=\"M400 32H48C21.49 32 0 53.49 0 80v352c0 26.51 21.49 48 48 48h352c26.51 0 48-21.49 48-48V80c0-26.51-21.49-48-48-48zM178.117 262.104C87.429 196.287 88.353 196.121 64 177.167V152c0-13.255 10.745-24 24-24h272c13.255 0 24 10.745 24 24v25.167c-24.371 18.969-23.434 19.124-114.117 84.938-10.5 7.655-31.392 26.12-45.883 25.894-14.503.218-35.367-18.227-45.883-25.895zM384 217.775V360c0 13.255-10.745 24-24 24H88c-13.255 0-24-10.745-24-24V217.775c13.958 10.794 33.329 25.236 95.303 70.214 14.162 10.341 37.975 32.145 64.694 32.01 26.887.134 51.037-22.041 64.72-32.025 61.958-44.965 81.325-59.406 95.283-70.199z\"><\/path><\/svg>\t\t\t\t\t\t<\/span>\n\t\t\t\t\t\t\t\t\t\t<span class=\"elementor-icon-list-text\">banu.kilic@orzznt.com<\/span>\n\t\t\t\t\t\t\t\t\t\t\t<\/a>\n\t\t\t\t\t\t\t\t\t<\/li>\n\t\t\t\t\t\t<\/ul>\n\t\t\t\t\t\t<\/div>\n\t\t\t\t<\/div>\n\t\t\t\t<\/div>\n\t\t\t\t<\/div>\n\t\t\t\t<\/div>\n\t\t\t\t<\/div>\n\t\t<div class=\"elementor-element elementor-element-6315418 e-con-full e-flex e-con e-child\" data-id=\"6315418\" data-element_type=\"container\" data-settings=\"{&quot;_ha_eqh_enable&quot;:false}\">\n\t\t\t\t<div class=\"elementor-element elementor-element-5aa94e2 elementor-widget elementor-widget-text-editor\" data-id=\"5aa94e2\" data-element_type=\"widget\" data-widget_type=\"text-editor.default\">\n\t\t\t\t<div class=\"elementor-widget-container\">\n\t\t\t\t\t\t\t\t\t<p><strong>Yat\u0131r\u0131m Te\u015fvikleri Dan\u0131\u015fmanl\u0131\u011f\u0131 Hizmeti<\/strong><\/p><p>Yat\u0131r\u0131m projeleri, firmalar\u0131n b\u00fcy\u00fcme, geni\u015fleme ve rekabet g\u00fcc\u00fcn\u00fc art\u0131rmalar\u0131 i\u00e7in en kritik stratejik ad\u0131mlardan biridir. Ancak yat\u0131r\u0131m s\u00fcre\u00e7lerinde kar\u015f\u0131la\u015f\u0131lan b\u00fcrokratik d\u00fczenlemeler ve te\u015fvik sistemlerinin karma\u015f\u0131kl\u0131\u011f\u0131, firmalar\u0131n potansiyellerini tam anlam\u0131yla ger\u00e7ekle\u015ftirmelerine engel olabilir. <strong>Orizzonte Yat\u0131r\u0131m Te\u015fvikleri Dan\u0131\u015fmanl\u0131\u011f\u0131<\/strong>, yat\u0131r\u0131m s\u00fcre\u00e7lerinizi do\u011fru bir \u015fekilde planlaman\u0131z, te\u015fviklerden maksimum fayda sa\u011flaman\u0131z ve projelerinizi ba\u015far\u0131yla hayata ge\u00e7irmeniz i\u00e7in yan\u0131n\u0131zdad\u0131r. Uzman ekibimizle, i\u015fletmenizin b\u00fcy\u00fcme hedeflerini destekleyecek \u00e7\u00f6z\u00fcmleri sizin i\u00e7in \u00f6zelle\u015ftiriyoruz.<\/p><p>Hizmetimiz, farkl\u0131 yat\u0131r\u0131m konular\u0131n\u0131 ve te\u015fvik programlar\u0131n\u0131 kapsayarak i\u015fletmenizin t\u00fcm ihtiya\u00e7lar\u0131na y\u00f6nelik kapsaml\u0131 bir rehberlik sunar:<\/p><h3><strong>1. Yat\u0131r\u0131m Te\u015fvik Belgesi Belgelendirme Hizmetleri<\/strong><\/h3><p>Yat\u0131r\u0131m te\u015fviklerinden faydalanmak i\u00e7in gerekli olan Yat\u0131r\u0131m Te\u015fvik Belgesi\u2019nin haz\u0131rlanmas\u0131, sunulmas\u0131 ve onaylanmas\u0131 s\u00fcrecinde tam destek sa\u011fl\u0131yoruz. Belgelerin do\u011fru, eksiksiz ve mevzuata uygun bir \u015fekilde haz\u0131rlanmas\u0131n\u0131 garanti alt\u0131na alarak, te\u015fviklerden h\u0131zl\u0131 ve etkin \u015fekilde yararlanman\u0131z\u0131 m\u00fcmk\u00fcn k\u0131l\u0131yoruz.<\/p><h3><strong>2. B\u00f6lgesel Te\u015fvikler<\/strong><\/h3><p>T\u00fcrkiye\u2019nin farkl\u0131 b\u00f6lgelerinde yat\u0131r\u0131m\u0131 desteklemek amac\u0131yla sunulan b\u00f6lgesel te\u015fvikler, i\u015fletmeler i\u00e7in \u00f6nemli f\u0131rsatlar bar\u0131nd\u0131r\u0131r. Yat\u0131r\u0131m\u0131n\u0131z\u0131 hangi b\u00f6lgeye yaparsan\u0131z maksimum destek alaca\u011f\u0131n\u0131z\u0131 belirliyor, vergi indirimlerinden SGK prim desteklerine kadar b\u00f6lgesel te\u015fviklerden faydalanman\u0131z\u0131 sa\u011fl\u0131yoruz. \u0130\u015fletmenizin sekt\u00f6rel ve co\u011frafi avantajlar\u0131n\u0131 g\u00f6z \u00f6n\u00fcnde bulundurarak en uygun te\u015fvik paketlerini olu\u015fturuyoruz.<\/p><h3><strong>3. Stratejik Yat\u0131r\u0131m Konular\u0131na G\u00f6re Te\u015fvikler<\/strong><\/h3><p>Ekonomik kalk\u0131nmaya katk\u0131da bulunan, ithalat\u0131 azaltan ve yerli \u00fcretimi art\u0131ran stratejik yat\u0131r\u0131mlar\u0131 desteklemek i\u00e7in sunulan te\u015fviklere y\u00f6nelik uzman \u00e7\u00f6z\u00fcmler sunuyoruz. Stratejik yat\u0131r\u0131m projelerinizin do\u011fru bir \u015fekilde yap\u0131land\u0131r\u0131lmas\u0131n\u0131 sa\u011fl\u0131yor, te\u015fvik s\u00fcre\u00e7lerinde ihtiya\u00e7 duyaca\u011f\u0131n\u0131z t\u00fcm deste\u011fi sa\u011fl\u0131yoruz.<\/p><h3><strong>4. \u00d6ncelikli Yat\u0131r\u0131m Konular\u0131na G\u00f6re Te\u015fvikler<\/strong><\/h3><p>Enerji, yenilenebilir kaynaklar, savunma sanayi gibi \u00f6ncelikli yat\u0131r\u0131m alanlar\u0131na y\u00f6nelik te\u015fvikler, firmalar i\u00e7in b\u00fcy\u00fck f\u0131rsatlar sunar. Bu kapsamda, yat\u0131r\u0131m projelerinizi \u00f6ncelikli sekt\u00f6rlere uygun bir \u015fekilde planl\u0131yor, te\u015fvik mekanizmalar\u0131ndan en iyi \u015fekilde faydalanman\u0131z i\u00e7in dan\u0131\u015fmanl\u0131k sa\u011fl\u0131yoruz.<\/p><h3><strong>5. 4. B\u00f6lge Te\u015fvikleri<\/strong><\/h3><p>Geli\u015fmekte olan b\u00f6lgelerde yat\u0131r\u0131m yapmay\u0131 d\u00fc\u015f\u00fcnen firmalar i\u00e7in \u00f6zel olarak haz\u0131rlanm\u0131\u015f te\u015fvik programlar\u0131ndan yararlanman\u0131zda rehberlik ediyoruz. 4. B\u00f6lge te\u015fvikleri kapsam\u0131nda sunulan KDV muafiyeti, g\u00fcmr\u00fck vergisi istisnas\u0131 ve yat\u0131r\u0131m yeri tahsisi gibi imkanlardan faydalanman\u0131z\u0131 kolayla\u015ft\u0131r\u0131yoruz.<\/p><h3><strong>6. Genel Te\u015fvikler<\/strong><\/h3><p>Her sekt\u00f6rde faaliyet g\u00f6steren firmalar\u0131n yararlanabilece\u011fi genel te\u015fvik uygulamalar\u0131n\u0131 firman\u0131z\u0131n ihtiya\u00e7lar\u0131na uygun \u015fekilde de\u011ferlendiriyoruz. Bu kapsamda, KDV istisnas\u0131, vergi indirimleri ve faiz deste\u011fi gibi te\u015fvik mekanizmalar\u0131n\u0131n i\u015fletmenize sa\u011flayaca\u011f\u0131 faydalar\u0131 en \u00fcst d\u00fczeye \u00e7\u0131karmak i\u00e7in gerekli t\u00fcm dan\u0131\u015fmanl\u0131k hizmetlerini sunuyoruz.<\/p><p><strong>Orizzonte Yat\u0131r\u0131m Te\u015fvikleri Dan\u0131\u015fmanl\u0131\u011f\u0131<\/strong>, yat\u0131r\u0131m s\u00fcrecinizde yaln\u0131zca bir rehber de\u011fil, ayn\u0131 zamanda stratejik bir i\u015f orta\u011f\u0131d\u0131r. Her bir te\u015fvik program\u0131n\u0131 detayl\u0131 \u015fekilde analiz ederek, firman\u0131z\u0131n b\u00fcy\u00fcme hedeflerini destekleyecek en uygun \u00e7\u00f6z\u00fcmleri sunar\u0131z. \u0130\u015fletmenizi s\u00fcrd\u00fcr\u00fclebilir bir \u015fekilde b\u00fcy\u00fctmek, rekabet g\u00fcc\u00fcn\u00fcz\u00fc art\u0131rmak ve gelece\u011fe sa\u011flam ad\u0131mlarla ilerlemek i\u00e7in do\u011fru adres buras\u0131. Hayallerinizi ger\u00e7e\u011fe d\u00f6n\u00fc\u015ft\u00fcrmek i\u00e7in yan\u0131n\u0131zday\u0131z!<\/p>\t\t\t\t\t\t\t\t<\/div>\n\t\t\t\t<\/div>\n\t\t\t\t<\/div>\n\t\t\t\t<\/div>\n\t\t\t\t\t<\/div>\n\t\t\t\t<\/div>\n\t\t\t\t<\/div>\n\t\t","protected":false},"excerpt":{"rendered":"<p>Yat\u0131r\u0131m Te\u015fvikleri Dan\u0131\u015fmanl\u0131\u011f\u0131 Anasayfa\/Hizmetlerimiz\/Yat\u0131r\u0131m Te\u015fvikleri Dan\u0131\u015fmanl\u0131\u011f\u0131 Hizmetlerimiz \u0130hracat Te\u015fvikleri Dan\u0131\u015fmanl\u0131\u011f\u0131 Yat\u0131r\u0131m Te\u015fvikleri Dan\u0131\u015fmanl\u0131\u011f\u0131 Proje Bazl\u0131 Te\u015fvikler Dan\u0131\u015fmanl\u0131\u011f\u0131 Ar-Ge ve Tasar\u0131m Merkezi Dan\u0131\u015fmanl\u0131\u011f\u0131 Teknopark Dan\u0131\u015fmanl\u0131\u011f\u0131 Kurumsal Risk Y\u00f6netimi Dan\u0131\u015fmanl\u0131\u011f\u0131 Uluslararas\u0131 Deneyim Uzman Kadro G\u00fcvenilir Hizmet S\u00fcrd\u00fcr\u00fclebilir Yakla\u015f\u0131m \u0130leti\u015fime Ge\u00e7in! Her sorunuz i\u00e7in bir telefon uza\u011f\u0131n\u0131zday\u0131z! Bize ula\u015f\u0131n, \u00e7\u00f6z\u00fcm odakl\u0131 destek sunal\u0131m. 0312 911 9703 banu.kilic@orzznt.com Yat\u0131r\u0131m [&hellip;]<\/p>\n","protected":false},"author":1,"featured_media":0,"parent":0,"menu_order":0,"comment_status":"closed","ping_status":"closed","template":"","meta":{"footnotes":""},"class_list":["post-422","page","type-page","status-publish","hentry"],"_links":{"self":[{"href":"https:\/\/www.orzznt.com\/index.php\/wp-json\/wp\/v2\/pages\/422","targetHints":{"allow":["GET"]}}],"collection":[{"href":"https:\/\/www.orzznt.com\/index.php\/wp-json\/wp\/v2\/pages"}],"about":[{"href":"https:\/\/www.orzznt.com\/index.php\/wp-json\/wp\/v2\/types\/page"}],"author":[{"embeddable":true,"href":"https:\/\/www.orzznt.com\/index.php\/wp-json\/wp\/v2\/users\/1"}],"replies":[{"embeddable":true,"href":"https:\/\/www.orzznt.com\/index.php\/wp-json\/wp\/v2\/comments?post=422"}],"version-history":[{"count":37,"href":"https:\/\/www.orzznt.com\/index.php\/wp-json\/wp\/v2\/pages\/422\/revisions"}],"predecessor-version":[{"id":712,"href":"https:\/\/www.orzznt.com\/index.php\/wp-json\/wp\/v2\/pages\/422\/revisions\/712"}],"wp:attachment":[{"href":"https:\/\/www.orzznt.com\/index.php\/wp-json\/wp\/v2\/media?parent=422"}],"curies":[{"name":"wp","href":"https:\/\/api.w.org\/{rel}","templated":true}]}}