{"id":182,"date":"2024-11-27T10:42:03","date_gmt":"2024-11-27T10:42:03","guid":{"rendered":"http:\/\/www.orzznt.com\/?page_id=182"},"modified":"2024-12-05T11:09:44","modified_gmt":"2024-12-05T11:09:44","slug":"hakkimizda","status":"publish","type":"page","link":"https:\/\/www.orzznt.com\/index.php\/hakkimizda\/","title":{"rendered":"Hakk\u0131m\u0131zda"},"content":{"rendered":"\t\t<div data-elementor-type=\"wp-page\" data-elementor-id=\"182\" class=\"elementor elementor-182\" data-elementor-post-type=\"page\">\n\t\t\t\t<div class=\"elementor-element elementor-element-67da5e5 e-flex e-con-boxed e-con e-parent\" data-id=\"67da5e5\" data-element_type=\"container\" data-settings=\"{&quot;background_background&quot;:&quot;classic&quot;,&quot;_ha_eqh_enable&quot;:false}\">\n\t\t\t\t\t<div class=\"e-con-inner\">\n\t\t<div class=\"elementor-element elementor-element-27a2e71f e-con-full e-flex e-con e-child\" data-id=\"27a2e71f\" data-element_type=\"container\" data-settings=\"{&quot;_ha_eqh_enable&quot;:false}\">\n\t\t\t\t<div class=\"elementor-element elementor-element-57c3323d elementor-widget elementor-widget-heading\" data-id=\"57c3323d\" data-element_type=\"widget\" data-widget_type=\"heading.default\">\n\t\t\t\t<div class=\"elementor-widget-container\">\n\t\t\t\t\t<h2 class=\"elementor-heading-title elementor-size-default\">Hakk\u0131m\u0131zda<\/h2>\t\t\t\t<\/div>\n\t\t\t\t<\/div>\n\t\t\t\t<div class=\"elementor-element elementor-element-17515cda elementor-widget elementor-widget-text-editor\" data-id=\"17515cda\" data-element_type=\"widget\" data-widget_type=\"text-editor.default\">\n\t\t\t\t<div class=\"elementor-widget-container\">\n\t\t\t\t\t\t\t\t\t<p>Deneyim, g\u00fcven ve yenilik bir arada! Dan\u0131\u015fmanl\u0131kta fark yaratan adres.<\/p>\t\t\t\t\t\t\t\t<\/div>\n\t\t\t\t<\/div>\n\t\t\t\t<\/div>\n\t\t\t\t\t<\/div>\n\t\t\t\t<\/div>\n\t\t<div class=\"elementor-element elementor-element-4b03c87 e-flex e-con-boxed e-con e-parent\" data-id=\"4b03c87\" data-element_type=\"container\" data-settings=\"{&quot;_ha_eqh_enable&quot;:false}\">\n\t\t\t\t\t<div class=\"e-con-inner\">\n\t\t<div class=\"elementor-element elementor-element-75636e76 e-con-full e-flex e-con e-child\" data-id=\"75636e76\" data-element_type=\"container\" data-settings=\"{&quot;_ha_eqh_enable&quot;:false}\">\n\t\t<div class=\"elementor-element elementor-element-788dc9c3 e-con-full e-flex e-con e-child\" data-id=\"788dc9c3\" data-element_type=\"container\" data-settings=\"{&quot;_ha_eqh_enable&quot;:false}\">\n\t\t\t\t<div class=\"elementor-element elementor-element-5c1d08d elementor-widget__width-initial elementor-absolute e-transform elementor-widget elementor-widget-image\" data-id=\"5c1d08d\" data-element_type=\"widget\" data-settings=\"{&quot;_position&quot;:&quot;absolute&quot;,&quot;_transform_translateX_effect_mobile&quot;:{&quot;unit&quot;:&quot;px&quot;,&quot;size&quot;:33,&quot;sizes&quot;:[]},&quot;_transform_translateX_effect&quot;:{&quot;unit&quot;:&quot;px&quot;,&quot;size&quot;:&quot;&quot;,&quot;sizes&quot;:[]},&quot;_transform_translateX_effect_tablet&quot;:{&quot;unit&quot;:&quot;px&quot;,&quot;size&quot;:&quot;&quot;,&quot;sizes&quot;:[]},&quot;_transform_translateY_effect&quot;:{&quot;unit&quot;:&quot;px&quot;,&quot;size&quot;:&quot;&quot;,&quot;sizes&quot;:[]},&quot;_transform_translateY_effect_tablet&quot;:{&quot;unit&quot;:&quot;px&quot;,&quot;size&quot;:&quot;&quot;,&quot;sizes&quot;:[]},&quot;_transform_translateY_effect_mobile&quot;:{&quot;unit&quot;:&quot;px&quot;,&quot;size&quot;:&quot;&quot;,&quot;sizes&quot;:[]}}\" data-widget_type=\"image.default\">\n\t\t\t\t<div class=\"elementor-widget-container\">\n\t\t\t\t\t\t\t\t\t\t\t\t\t\t\t<img decoding=\"async\" width=\"178\" height=\"178\" src=\"https:\/\/www.orzznt.com\/wp-content\/uploads\/2024\/11\/Frame-32-1.png\" class=\"attachment-large size-large wp-image-22\" alt=\"\" srcset=\"https:\/\/www.orzznt.com\/wp-content\/uploads\/2024\/11\/Frame-32-1.png 178w, https:\/\/www.orzznt.com\/wp-content\/uploads\/2024\/11\/Frame-32-1-150x150.png 150w\" sizes=\"(max-width: 178px) 100vw, 178px\" \/>\t\t\t\t\t\t\t\t\t\t\t\t\t\t\t<\/div>\n\t\t\t\t<\/div>\n\t\t\t\t<\/div>\n\t\t\t\t<div class=\"elementor-element elementor-element-53f767ce elementor-widget elementor-widget-image\" data-id=\"53f767ce\" data-element_type=\"widget\" data-widget_type=\"image.default\">\n\t\t\t\t<div class=\"elementor-widget-container\">\n\t\t\t\t\t\t\t\t\t\t\t\t\t\t\t<img fetchpriority=\"high\" decoding=\"async\" width=\"683\" height=\"1024\" src=\"https:\/\/www.orzznt.com\/wp-content\/uploads\/2024\/11\/pexels-arina-krasnikova-6016369-683x1024.jpg\" class=\"attachment-large size-large wp-image-338\" alt=\"\" srcset=\"https:\/\/www.orzznt.com\/wp-content\/uploads\/2024\/11\/pexels-arina-krasnikova-6016369-683x1024.jpg 683w, https:\/\/www.orzznt.com\/wp-content\/uploads\/2024\/11\/pexels-arina-krasnikova-6016369-200x300.jpg 200w, https:\/\/www.orzznt.com\/wp-content\/uploads\/2024\/11\/pexels-arina-krasnikova-6016369-768x1151.jpg 768w, https:\/\/www.orzznt.com\/wp-content\/uploads\/2024\/11\/pexels-arina-krasnikova-6016369-1025x1536.jpg 1025w, https:\/\/www.orzznt.com\/wp-content\/uploads\/2024\/11\/pexels-arina-krasnikova-6016369-1367x2048.jpg 1367w, https:\/\/www.orzznt.com\/wp-content\/uploads\/2024\/11\/pexels-arina-krasnikova-6016369-scaled.jpg 1709w\" sizes=\"(max-width: 683px) 100vw, 683px\" \/>\t\t\t\t\t\t\t\t\t\t\t\t\t\t\t<\/div>\n\t\t\t\t<\/div>\n\t\t<div class=\"elementor-element elementor-element-421d3c50 e-con-full e-transform elementor-hidden-desktop elementor-hidden-tablet elementor-hidden-mobile e-flex e-con e-child\" data-id=\"421d3c50\" data-element_type=\"container\" data-settings=\"{&quot;background_background&quot;:&quot;classic&quot;,&quot;_transform_translateX_effect_mobile&quot;:{&quot;unit&quot;:&quot;px&quot;,&quot;size&quot;:-80,&quot;sizes&quot;:[]},&quot;_transform_translateY_effect_mobile&quot;:{&quot;unit&quot;:&quot;px&quot;,&quot;size&quot;:55,&quot;sizes&quot;:[]},&quot;_ha_eqh_enable&quot;:false,&quot;_transform_translateX_effect&quot;:{&quot;unit&quot;:&quot;px&quot;,&quot;size&quot;:&quot;&quot;,&quot;sizes&quot;:[]},&quot;_transform_translateX_effect_tablet&quot;:{&quot;unit&quot;:&quot;px&quot;,&quot;size&quot;:&quot;&quot;,&quot;sizes&quot;:[]},&quot;_transform_translateY_effect&quot;:{&quot;unit&quot;:&quot;px&quot;,&quot;size&quot;:&quot;&quot;,&quot;sizes&quot;:[]},&quot;_transform_translateY_effect_tablet&quot;:{&quot;unit&quot;:&quot;px&quot;,&quot;size&quot;:&quot;&quot;,&quot;sizes&quot;:[]}}\">\n\t\t\t\t<div class=\"elementor-element elementor-element-42afb539 elementor-widget elementor-widget-counter\" data-id=\"42afb539\" data-element_type=\"widget\" data-widget_type=\"counter.default\">\n\t\t\t\t<div class=\"elementor-widget-container\">\n\t\t\t\t\t\t\t<div class=\"elementor-counter\">\n\t\t\t<div class=\"elementor-counter-title\">Mutlu M\u00fc\u015fteri<\/div>\t\t\t<div class=\"elementor-counter-number-wrapper\">\n\t\t\t\t<span class=\"elementor-counter-number-prefix\"><\/span>\n\t\t\t\t<span class=\"elementor-counter-number\" data-duration=\"2000\" data-to-value=\"300\" data-from-value=\"0\" data-delimiter=\",\">0<\/span>\n\t\t\t\t<span class=\"elementor-counter-number-suffix\">+<\/span>\n\t\t\t<\/div>\n\t\t<\/div>\n\t\t\t\t\t\t<\/div>\n\t\t\t\t<\/div>\n\t\t\t\t<\/div>\n\t\t\t\t<\/div>\n\t\t<div class=\"elementor-element elementor-element-3bd2f9bc e-con-full e-flex e-con e-child\" data-id=\"3bd2f9bc\" data-element_type=\"container\" data-settings=\"{&quot;_ha_eqh_enable&quot;:false}\">\n\t\t\t\t<div class=\"elementor-element elementor-element-25eeaa30 elementor-widget elementor-widget-elementskit-heading\" data-id=\"25eeaa30\" data-element_type=\"widget\" data-widget_type=\"elementskit-heading.default\">\n\t\t\t\t<div class=\"elementor-widget-container\">\n\t\t\t\t\t<div class=\"ekit-wid-con\" ><div class=\"ekit-heading elementskit-section-title-wraper text_left   ekit_heading_tablet-   ekit_heading_mobile-\"><h2 class=\"ekit-heading--title elementskit-section-title  ekit-heading__title-has-border start\">Biz kimiz?<\/h2><h3 class=\"ekit-heading--subtitle elementskit-section-subtitle  \">\n\t\t\t\t\t\tOrizzonte E\u011fitim&amp;Dan\u0131\u015fmanl\u0131k Hakk\u0131nda\n\t\t\t\t\t<\/h3>\t\t\t\t<div class='ekit-heading__description'>\n\t\t\t\t\t<p><strong>2024 y\u0131l\u0131nda Ankara\u2019n\u0131n kalbinde, deneyim ve uzmanl\u0131kla temelleri at\u0131lan Orizzonte, dan\u0131\u015fmanl\u0131k sekt\u00f6r\u00fcne yeni bir soluk getirme hedefiyle kurulmu\u015ftur. Kurucumuz Banu K\u0131l\u0131\u00e7, \u0130\u015fletme Lisans\u0131 ve Denetim-Risk Y\u00f6netimi Y\u00fcksek Lisans\u0131 e\u011fitimleriyle g\u00fc\u00e7l\u00fc bir akademik altyap\u0131ya sahiptir. Bunun yan\u0131 s\u0131ra, uluslararas\u0131 d\u00fczeyde sayg\u0131n bir kurulu\u015f olan \u0130\u00e7 Kontrol Enstit\u00fcs\u00fc (ICI) \u00fcyesi ve \u0130\u00e7 Kontrol Uzman\u0131d\u0131r. Yerli ve yabanc\u0131 sermayeli \u015firketlerde ve farkl\u0131 sekt\u00f6rlerde 20 y\u0131l\u0131 a\u015fk\u0131n deneyime sahip bir profesyonel taraf\u0131ndan kurulan Orizzonte; g\u00fcvenilir, profesyonel ve s\u00fcrd\u00fcr\u00fclebilir \u00e7\u00f6z\u00fcmler sunmay\u0131 ilke edinerek kurulmu\u015ftur.<\/strong><\/p>\n<p><strong>M\u00fc\u015fteri memnuniyetini ilke edinen Orizzonte, sadece standart dan\u0131\u015fmanl\u0131k hizmetleri sunmakla kalmaz; her bir dan\u0131\u015fan\u0131n \u00f6zel ihtiya\u00e7lar\u0131n\u0131 anlayarak \u00f6zelle\u015ftirilmi\u015f \u00e7\u00f6z\u00fcmler geli\u015ftirmeyi g\u00f6rev edinir. Her projede, dan\u0131\u015fanlar\u0131m\u0131z\u0131n b\u00fcy\u00fcme yolculuklar\u0131nda yanlar\u0131nda yer alarak, i\u015f hedeflerini ger\u00e7ekle\u015ftirmelerine katk\u0131da bulunuyoruz. Ba\u015far\u0131n\u0131n yaln\u0131zca bireylerin de\u011fil, ayn\u0131 zamanda toplumsal kalk\u0131nman\u0131n temel ta\u015f\u0131 oldu\u011funa inan\u0131yor ve bu vizyonla \u00e7al\u0131\u015fmalar\u0131m\u0131za y\u00f6n veriyoruz.<\/strong><\/p>\n<p><strong>Hizmet yelpazemiz; ihracat te\u015fvikleri dan\u0131\u015fmanl\u0131\u011f\u0131ndan yat\u0131r\u0131m te\u015fviklerine, Ar-Ge ve tasar\u0131m merkezi desteklerinden teknopark projelendirmesine kadar geni\u015f bir alan\u0131 kapsamaktad\u0131r. Her bir hizmetimiz, sekt\u00f6r\u00fcn dinamiklerine uygun \u015fekilde yap\u0131land\u0131r\u0131lm\u0131\u015f, dan\u0131\u015fanlar\u0131m\u0131z\u0131n b\u00fcy\u00fcme hedeflerine etkin bir \u015fekilde ula\u015fmalar\u0131n\u0131 sa\u011flayacak bi\u00e7imde tasarlanm\u0131\u015ft\u0131r. Amac\u0131m\u0131z, yaln\u0131zca ulusal d\u00fczeyde de\u011fil, uluslararas\u0131 platformlarda da tan\u0131nan bir dan\u0131\u015fmanl\u0131k firmas\u0131 olmakt\u0131r.<\/strong><\/p>\n<p><strong>S\u00fcrd\u00fcr\u00fclebilirlik, \u00e7evresel ve toplumsal sorumluluk, bizim i\u00e7in yaln\u0131zca bir ilke de\u011fil, t\u00fcm \u00e7al\u0131\u015fmalar\u0131m\u0131z\u0131n merkezinde yer alan bir de\u011ferdir. Gelecek nesillere daha g\u00fc\u00e7l\u00fc bir ekonomi ve daha ya\u015fanabilir bir d\u00fcnya b\u0131rakma hedefiyle s\u00fcrd\u00fcr\u00fclebilir \u00e7\u00f6z\u00fcmler \u00fcretmek i\u00e7in \u00e7al\u0131\u015f\u0131yoruz. Firmam\u0131z, her zaman yenilik\u00e7i teknolojileri takip ederek geli\u015fen i\u015f d\u00fcnyas\u0131na ayak uydurmakta ve m\u00fc\u015fterilerine en g\u00fcncel hizmetleri sunmaktad\u0131r.<\/strong><\/p>\n\t\t\t\t<\/div>\n\t\t\t<\/div><\/div>\t\t\t\t<\/div>\n\t\t\t\t<\/div>\n\t\t\t\t<\/div>\n\t\t\t\t\t<\/div>\n\t\t\t\t<\/div>\n\t\t<div class=\"elementor-element elementor-element-bbd2f7f e-flex e-con-boxed e-con e-parent\" data-id=\"bbd2f7f\" data-element_type=\"container\" data-settings=\"{&quot;background_background&quot;:&quot;classic&quot;,&quot;_ha_eqh_enable&quot;:false}\">\n\t\t\t\t\t<div class=\"e-con-inner\">\n\t\t<div class=\"elementor-element elementor-element-1c2bc575 e-con-full e-flex e-con e-child\" data-id=\"1c2bc575\" data-element_type=\"container\" data-settings=\"{&quot;_ha_eqh_enable&quot;:false}\">\n\t\t\t\t<div class=\"elementor-element elementor-element-23333f51 elementor-widget elementor-widget-elementskit-heading\" data-id=\"23333f51\" data-element_type=\"widget\" data-widget_type=\"elementskit-heading.default\">\n\t\t\t\t<div class=\"elementor-widget-container\">\n\t\t\t\t\t<div class=\"ekit-wid-con\" ><div class=\"ekit-heading elementskit-section-title-wraper text_left   ekit_heading_tablet-   ekit_heading_mobile-text_left\"><h2 class=\"ekit-heading--title elementskit-section-title  ekit-heading__title-has-border start\">Orizzonte <\/h2><h3 class=\"ekit-heading--subtitle elementskit-section-subtitle  \">\n\t\t\t\t\t\tGelece\u011fe Birlikte Ad\u0131m Atal\u0131m!\n\t\t\t\t\t<\/h3><\/div><\/div>\t\t\t\t<\/div>\n\t\t\t\t<\/div>\n\t\t\t\t<\/div>\n\t\t\t\t\t<\/div>\n\t\t\t\t<\/div>\n\t\t<div class=\"elementor-element elementor-element-1c4e2a85 e-flex e-con-boxed e-con e-parent\" data-id=\"1c4e2a85\" data-element_type=\"container\" data-settings=\"{&quot;_ha_eqh_enable&quot;:false}\">\n\t\t\t\t\t<div class=\"e-con-inner\">\n\t\t<div class=\"elementor-element elementor-element-efab36b e-con-full e-flex e-con e-child\" data-id=\"efab36b\" data-element_type=\"container\" data-settings=\"{&quot;background_background&quot;:&quot;classic&quot;,&quot;_ha_eqh_enable&quot;:false}\">\n\t\t\t\t<div class=\"elementor-element elementor-element-3b893200 elementor-position-top elementor-widget elementor-widget-image-box\" data-id=\"3b893200\" data-element_type=\"widget\" data-widget_type=\"image-box.default\">\n\t\t\t\t<div class=\"elementor-widget-container\">\n\t\t\t\t\t<div class=\"elementor-image-box-wrapper\"><figure class=\"elementor-image-box-img\"><img decoding=\"async\" width=\"66\" height=\"66\" src=\"https:\/\/www.orzznt.com\/wp-content\/uploads\/2024\/11\/Glyph_-undefined.png\" class=\"attachment-full size-full wp-image-44\" alt=\"\" \/><\/figure><div class=\"elementor-image-box-content\"><h3 class=\"elementor-image-box-title\">Misyonumuz<\/h3><p class=\"elementor-image-box-description\">Dan\u0131\u015fanlar\u0131m\u0131z\u0131n i\u015f hedeflerini ger\u00e7ekle\u015ftirmelerine destek olmak i\u00e7in ge\u00e7mi\u015ften gelen deneyim ve bilgi birikimimizi kullanarak b\u00fcy\u00fcmelerine katk\u0131 sa\u011fl\u0131yor ve \u00fclke ekonomisine birlikte de\u011fer kat\u0131yoruz.\n<\/p><\/div><\/div>\t\t\t\t<\/div>\n\t\t\t\t<\/div>\n\t\t\t\t<\/div>\n\t\t<div class=\"elementor-element elementor-element-71a59760 e-con-full e-flex e-con e-child\" data-id=\"71a59760\" data-element_type=\"container\" data-settings=\"{&quot;background_background&quot;:&quot;classic&quot;,&quot;_ha_eqh_enable&quot;:false}\">\n\t\t\t\t<div class=\"elementor-element elementor-element-5f63f9a6 elementor-position-top elementor-widget elementor-widget-image-box\" data-id=\"5f63f9a6\" data-element_type=\"widget\" data-widget_type=\"image-box.default\">\n\t\t\t\t<div class=\"elementor-widget-container\">\n\t\t\t\t\t<div class=\"elementor-image-box-wrapper\"><figure class=\"elementor-image-box-img\"><img loading=\"lazy\" decoding=\"async\" width=\"66\" height=\"66\" src=\"https:\/\/www.orzznt.com\/wp-content\/uploads\/2024\/11\/eye.png\" class=\"attachment-full size-full wp-image-46\" alt=\"\" \/><\/figure><div class=\"elementor-image-box-content\"><h3 class=\"elementor-image-box-title\">Vizyonumuz<\/h3><p class=\"elementor-image-box-description\">\u00c7\u00f6z\u00fcm odakl\u0131 ve etik de\u011ferlere ba\u011fl\u0131 yakla\u015f\u0131m\u0131m\u0131z ile dan\u0131\u015fanlar\u0131m\u0131z i\u00e7in sekt\u00f6r\u00fcn en g\u00fcvenilen dan\u0131\u015fmanl\u0131k firmalar\u0131 aras\u0131nda bulunmak. G\u00fcncel mevzuat ve teknolojik yenilikleri en etkin \u015fekilde kullanarak dan\u0131\u015fanlar\u0131m\u0131za s\u00fcrd\u00fcr\u00fclebilir faydalar sa\u011flarken, \u00fclke ekonomimizin b\u00fcy\u00fcmesine katma de\u011fer sa\u011flamak. <\/p><\/div><\/div>\t\t\t\t<\/div>\n\t\t\t\t<\/div>\n\t\t\t\t<\/div>\n\t\t\t\t\t<\/div>\n\t\t\t\t<\/div>\n\t\t<div class=\"elementor-element elementor-element-634bf22f e-flex e-con-boxed e-con e-parent\" data-id=\"634bf22f\" data-element_type=\"container\" data-settings=\"{&quot;_ha_eqh_enable&quot;:false}\">\n\t\t\t\t\t<div class=\"e-con-inner\">\n\t\t\t\t<div class=\"elementor-element elementor-element-cb99705 elementor-widget-tablet__width-initial elementor-widget__width-inherit elementor-widget elementor-widget-elementskit-heading\" data-id=\"cb99705\" data-element_type=\"widget\" data-widget_type=\"elementskit-heading.default\">\n\t\t\t\t<div class=\"elementor-widget-container\">\n\t\t\t\t\t<div class=\"ekit-wid-con\" ><div class=\"ekit-heading elementskit-section-title-wraper text_center   ekit_heading_tablet-   ekit_heading_mobile-\"><h3 class=\"ekit-heading--subtitle elementskit-section-subtitle  \">\n\t\t\t\t\t\tDe\u011ferlerimiz\n\t\t\t\t\t<\/h3>\t\t\t\t<div class='ekit-heading__description'>\n\t\t\t\t\t<p><strong>G\u00fcvenilirlik:<\/strong> Dan\u0131\u015fanlar\u0131m\u0131za verdi\u011fimiz her s\u00f6z\u00fcn arkas\u0131nda durarak, g\u00fcvene dayal\u0131 bir i\u015f birli\u011fi sa\u011fl\u0131yoruz.<\/p>\n<p><strong>Profesyonellik:<\/strong> Her ad\u0131mda uzman ekibimizle titizlikle \u00e7al\u0131\u015farak, kaliteli ve etkili hizmet sunuyoruz.<\/p>\n<p><strong>\u015eeffafl\u0131k:<\/strong> S\u00fcre\u00e7lerimizde tam a\u00e7\u0131kl\u0131kla hareket eder, m\u00fc\u015fterilerimize her detayda bilgi veririz.<\/p>\n<p><strong>Yenilik\u00e7ilik:<\/strong> S\u00fcrekli geli\u015fen d\u00fcnyay\u0131 yak\u0131ndan takip ederek, modern ve yenilik\u00e7i \u00e7\u00f6z\u00fcmler \u00fcretiyoruz.<\/p>\n<p><strong>M\u00fc\u015fteri Odakl\u0131l\u0131k:<\/strong> Her i\u015fin merkezine dan\u0131\u015fanlar\u0131m\u0131z\u0131 koyarak, ihtiya\u00e7 ve beklentilerini en iyi \u015fekilde kar\u015f\u0131l\u0131yoruz.<\/p>\n<p><strong>S\u00fcrd\u00fcr\u00fclebilirlik:<\/strong> \u0130\u015f s\u00fcre\u00e7lerimizi \u00e7evreye ve topluma duyarl\u0131 bir \u015fekilde planlayarak gelece\u011fe de\u011fer kat\u0131yoruz.<\/p>\n<p><strong>Ekip Ruhu:<\/strong> Ba\u015far\u0131ya giden yolda uyumlu bir ekip olarak hareket eder, ortak hedefler do\u011frultusunda ilerliyoruz.<\/p>\n\t\t\t\t<\/div>\n\t\t\t<\/div><\/div>\t\t\t\t<\/div>\n\t\t\t\t<\/div>\n\t\t\t\t\t<\/div>\n\t\t\t\t<\/div>\n\t\t<div class=\"elementor-element elementor-element-9db872 e-con-full e-flex e-con e-parent\" data-id=\"9db872\" data-element_type=\"container\" data-settings=\"{&quot;_ha_eqh_enable&quot;:false}\">\n\t\t<div class=\"elementor-element elementor-element-428d0af9 e-flex e-con-boxed e-con e-child\" data-id=\"428d0af9\" data-element_type=\"container\" data-settings=\"{&quot;background_background&quot;:&quot;classic&quot;,&quot;_ha_eqh_enable&quot;:false}\">\n\t\t\t\t\t<div class=\"e-con-inner\">\n\t\t<div class=\"elementor-element elementor-element-35bb82e9 e-flex e-con-boxed e-con e-child\" data-id=\"35bb82e9\" data-element_type=\"container\" data-settings=\"{&quot;_ha_eqh_enable&quot;:false}\">\n\t\t\t\t\t<div class=\"e-con-inner\">\n\t\t\t\t<div class=\"elementor-element elementor-element-18abf92b elementor-widget elementor-widget-heading\" data-id=\"18abf92b\" data-element_type=\"widget\" data-widget_type=\"heading.default\">\n\t\t\t\t<div class=\"elementor-widget-container\">\n\t\t\t\t\t<h2 class=\"elementor-heading-title elementor-size-default\">Hayallerinizi Ger\u00e7e\u011fe D\u00f6n\u00fc\u015ft\u00fcrelim!<\/h2>\t\t\t\t<\/div>\n\t\t\t\t<\/div>\n\t\t\t\t<div class=\"elementor-element elementor-element-36f5b67 elementor-widget elementor-widget-text-editor\" data-id=\"36f5b67\" data-element_type=\"widget\" data-widget_type=\"text-editor.default\">\n\t\t\t\t<div class=\"elementor-widget-container\">\n\t\t\t\t\t\t\t\t\t<p>\u0130htiya\u00e7lar\u0131n\u0131za \u00f6zel \u00e7\u00f6z\u00fcmlerimizle hedeflerinizi bir ad\u0131m \u00f6teye ta\u015f\u0131y\u0131n. Bizimle hemen ileti\u015fime ge\u00e7in, birlikte ba\u015far\u0131 hikayenizi yazal\u0131m!<\/p>\t\t\t\t\t\t\t\t<\/div>\n\t\t\t\t<\/div>\n\t\t\t\t<div class=\"elementor-element elementor-element-64ea89ee elementor-align-center elementor-widget elementor-widget-elementskit-button\" data-id=\"64ea89ee\" data-element_type=\"widget\" data-widget_type=\"elementskit-button.default\">\n\t\t\t\t<div class=\"elementor-widget-container\">\n\t\t\t\t\t<div class=\"ekit-wid-con\" >\t\t<div class=\"ekit-btn-wraper\">\n\t\t\t\t\t\t\t<a href=\"#\" class=\"elementskit-btn  whitespace--normal\" id=\"\">\n\t\t\t\t\t\u0130leti\u015fim\t\t\t\t<\/a>\n\t\t\t\t\t<\/div>\n        <\/div>\t\t\t\t<\/div>\n\t\t\t\t<\/div>\n\t\t\t\t\t<\/div>\n\t\t\t\t<\/div>\n\t\t\t\t\t<\/div>\n\t\t\t\t<\/div>\n\t\t\t\t<\/div>\n\t\t\t\t<\/div>\n\t\t","protected":false},"excerpt":{"rendered":"<p>Hakk\u0131m\u0131zda Deneyim, g\u00fcven ve yenilik bir arada! Dan\u0131\u015fmanl\u0131kta fark yaratan adres. 0 + Mutlu M\u00fc\u015fteri Biz kimiz? Orizzonte E\u011fitim&amp;Dan\u0131\u015fmanl\u0131k Hakk\u0131nda 2024 y\u0131l\u0131nda Ankara\u2019n\u0131n kalbinde, deneyim ve uzmanl\u0131kla temelleri at\u0131lan Orizzonte, dan\u0131\u015fmanl\u0131k sekt\u00f6r\u00fcne yeni bir soluk getirme hedefiyle kurulmu\u015ftur. Kurucumuz Banu K\u0131l\u0131\u00e7, \u0130\u015fletme Lisans\u0131 ve Denetim-Risk Y\u00f6netimi Y\u00fcksek Lisans\u0131 e\u011fitimleriyle g\u00fc\u00e7l\u00fc bir akademik altyap\u0131ya sahiptir. Bunun [&hellip;]<\/p>\n","protected":false},"author":1,"featured_media":0,"parent":0,"menu_order":0,"comment_status":"closed","ping_status":"closed","template":"elementor_header_footer","meta":{"footnotes":""},"class_list":["post-182","page","type-page","status-publish","hentry"],"_links":{"self":[{"href":"https:\/\/www.orzznt.com\/index.php\/wp-json\/wp\/v2\/pages\/182","targetHints":{"allow":["GET"]}}],"collection":[{"href":"https:\/\/www.orzznt.com\/index.php\/wp-json\/wp\/v2\/pages"}],"about":[{"href":"https:\/\/www.orzznt.com\/index.php\/wp-json\/wp\/v2\/types\/page"}],"author":[{"embeddable":true,"href":"https:\/\/www.orzznt.com\/index.php\/wp-json\/wp\/v2\/users\/1"}],"replies":[{"embeddable":true,"href":"https:\/\/www.orzznt.com\/index.php\/wp-json\/wp\/v2\/comments?post=182"}],"version-history":[{"count":85,"href":"https:\/\/www.orzznt.com\/index.php\/wp-json\/wp\/v2\/pages\/182\/revisions"}],"predecessor-version":[{"id":812,"href":"https:\/\/www.orzznt.com\/index.php\/wp-json\/wp\/v2\/pages\/182\/revisions\/812"}],"wp:attachment":[{"href":"https:\/\/www.orzznt.com\/index.php\/wp-json\/wp\/v2\/media?parent=182"}],"curies":[{"name":"wp","href":"https:\/\/api.w.org\/{rel}","templated":true}]}}